{"id":666278,"date":"2026-02-28T02:27:38","date_gmt":"2026-02-28T00:27:38","guid":{"rendered":"https:\/\/ventspils.citro.lv\/veikals\/desa-vitinata-salchichon-espano-skeles-100g\/"},"modified":"2026-04-16T12:41:44","modified_gmt":"2026-04-16T09:41:44","slug":"desa-vitinata-salchichon-espano-skeles-100g","status":"publish","type":"product","link":"https:\/\/ventspils.citro.lv\/ru\/veikals\/desa-vitinata-salchichon-espano-skeles-100g\/","title":{"rendered":"Desa v\u012btin\u0101ta Salchichon ESPA\u00d1O \u0161\u0137\u0113les 100g"},"content":{"rendered":"","protected":false},"excerpt":{"rendered":"<p>21.20 \u20ac\/kg<\/p>\n","protected":false},"featured_media":1219708,"template":"","meta":{"_acf_changed":false,"inline_featured_image":false},"product_cat":[135,178],"product_tag":[],"acf":[],"aioseo_notices":[],"_links":{"self":[{"href":"https:\/\/ventspils.citro.lv\/ru\/wp-json\/wp\/v2\/product\/666278"}],"collection":[{"href":"https:\/\/ventspils.citro.lv\/ru\/wp-json\/wp\/v2\/product"}],"about":[{"href":"https:\/\/ventspils.citro.lv\/ru\/wp-json\/wp\/v2\/types\/product"}],"wp:featuredmedia":[{"embeddable":true,"href":"https:\/\/ventspils.citro.lv\/ru\/wp-json\/wp\/v2\/media\/1219708"}],"wp:attachment":[{"href":"https:\/\/ventspils.citro.lv\/ru\/wp-json\/wp\/v2\/media?parent=666278"}],"wp:term":[{"taxonomy":"product_cat","embeddable":true,"href":"https:\/\/ventspils.citro.lv\/ru\/wp-json\/wp\/v2\/product_cat?post=666278"},{"taxonomy":"product_tag","embeddable":true,"href":"https:\/\/ventspils.citro.lv\/ru\/wp-json\/wp\/v2\/product_tag?post=666278"}],"curies":[{"name":"wp","href":"https:\/\/api.w.org\/{rel}","templated":true}]}}