{"id":666277,"date":"2026-03-30T01:09:45","date_gmt":"2026-03-29T22:09:45","guid":{"rendered":"https:\/\/ventspils.citro.lv\/veikals\/vitinata-gala-un-vitinata-desa-skeles-mix-120g\/"},"modified":"2026-03-30T01:09:58","modified_gmt":"2026-03-29T22:09:58","slug":"vitinata-gala-un-vitinata-desa-skeles-mix-120g","status":"publish","type":"product","link":"https:\/\/ventspils.citro.lv\/ru\/veikals\/vitinata-gala-un-vitinata-desa-skeles-mix-120g\/","title":{"rendered":"V\u012btin\u0101ta ga\u013ca un vitin\u0101ta desa  \u0161\u0137\u0113l\u0113s MIX 120g"},"content":{"rendered":"","protected":false},"excerpt":{"rendered":"<p>23.75 \u20ac\/kg<\/p>\n","protected":false},"featured_media":1237693,"template":"","meta":{"_acf_changed":false,"inline_featured_image":false},"product_cat":[135,178],"product_tag":[],"acf":[],"aioseo_notices":[],"_links":{"self":[{"href":"https:\/\/ventspils.citro.lv\/ru\/wp-json\/wp\/v2\/product\/666277"}],"collection":[{"href":"https:\/\/ventspils.citro.lv\/ru\/wp-json\/wp\/v2\/product"}],"about":[{"href":"https:\/\/ventspils.citro.lv\/ru\/wp-json\/wp\/v2\/types\/product"}],"wp:featuredmedia":[{"embeddable":true,"href":"https:\/\/ventspils.citro.lv\/ru\/wp-json\/wp\/v2\/media\/1237693"}],"wp:attachment":[{"href":"https:\/\/ventspils.citro.lv\/ru\/wp-json\/wp\/v2\/media?parent=666277"}],"wp:term":[{"taxonomy":"product_cat","embeddable":true,"href":"https:\/\/ventspils.citro.lv\/ru\/wp-json\/wp\/v2\/product_cat?post=666277"},{"taxonomy":"product_tag","embeddable":true,"href":"https:\/\/ventspils.citro.lv\/ru\/wp-json\/wp\/v2\/product_tag?post=666277"}],"curies":[{"name":"wp","href":"https:\/\/api.w.org\/{rel}","templated":true}]}}