{"id":666243,"date":"2026-04-28T04:15:13","date_gmt":"2026-04-28T01:15:13","guid":{"rendered":"https:\/\/ventspils.citro.lv\/veikals\/vafelu-trubinas-ar-lazdu-riekstu-kremu-konafetto-roshen-140g\/"},"modified":"2026-04-28T04:15:24","modified_gmt":"2026-04-28T01:15:24","slug":"vafelu-trubinas-ar-lazdu-riekstu-kremu-konafetto-roshen-140g","status":"publish","type":"product","link":"https:\/\/ventspils.citro.lv\/ru\/veikals\/vafelu-trubinas-ar-lazdu-riekstu-kremu-konafetto-roshen-140g\/","title":{"rendered":"Vafe\u013cu trubi\u0146as ar lazdu riekstu kr\u0113mu Konafetto Roshen 140g"},"content":{"rendered":"","protected":false},"excerpt":{"rendered":"<p>11.36 \u20ac\/kg<\/p>\n","protected":false},"featured_media":1254526,"template":"","meta":{"_acf_changed":false,"inline_featured_image":false},"product_cat":[125,209],"product_tag":[],"acf":[],"aioseo_notices":[],"_links":{"self":[{"href":"https:\/\/ventspils.citro.lv\/ru\/wp-json\/wp\/v2\/product\/666243"}],"collection":[{"href":"https:\/\/ventspils.citro.lv\/ru\/wp-json\/wp\/v2\/product"}],"about":[{"href":"https:\/\/ventspils.citro.lv\/ru\/wp-json\/wp\/v2\/types\/product"}],"wp:featuredmedia":[{"embeddable":true,"href":"https:\/\/ventspils.citro.lv\/ru\/wp-json\/wp\/v2\/media\/1254526"}],"wp:attachment":[{"href":"https:\/\/ventspils.citro.lv\/ru\/wp-json\/wp\/v2\/media?parent=666243"}],"wp:term":[{"taxonomy":"product_cat","embeddable":true,"href":"https:\/\/ventspils.citro.lv\/ru\/wp-json\/wp\/v2\/product_cat?post=666243"},{"taxonomy":"product_tag","embeddable":true,"href":"https:\/\/ventspils.citro.lv\/ru\/wp-json\/wp\/v2\/product_tag?post=666243"}],"curies":[{"name":"wp","href":"https:\/\/api.w.org\/{rel}","templated":true}]}}