{"id":666230,"date":"2026-03-19T02:36:27","date_gmt":"2026-03-19T00:36:27","guid":{"rendered":"https:\/\/ventspils.citro.lv\/veikals\/atri-pagatavojami-makaroni-reeva-bolonas-merce-70g\/"},"modified":"2026-03-19T02:36:31","modified_gmt":"2026-03-19T00:36:31","slug":"atri-pagatavojami-makaroni-reeva-bolonas-merce-70g","status":"publish","type":"product","link":"https:\/\/ventspils.citro.lv\/ru\/veikals\/atri-pagatavojami-makaroni-reeva-bolonas-merce-70g\/","title":{"rendered":"\u0100tri pagatavojami makaroni\u00a0 Reeva\u00a0Bolo\u0146as m\u0113rc\u0113 70g"},"content":{"rendered":"","protected":false},"excerpt":{"rendered":"<p>25.00 \u20ac\/kg<\/p>\n","protected":false},"featured_media":1229174,"template":"","meta":{"_acf_changed":false,"inline_featured_image":false},"product_cat":[111,138],"product_tag":[],"acf":[],"aioseo_notices":[],"_links":{"self":[{"href":"https:\/\/ventspils.citro.lv\/ru\/wp-json\/wp\/v2\/product\/666230"}],"collection":[{"href":"https:\/\/ventspils.citro.lv\/ru\/wp-json\/wp\/v2\/product"}],"about":[{"href":"https:\/\/ventspils.citro.lv\/ru\/wp-json\/wp\/v2\/types\/product"}],"wp:featuredmedia":[{"embeddable":true,"href":"https:\/\/ventspils.citro.lv\/ru\/wp-json\/wp\/v2\/media\/1229174"}],"wp:attachment":[{"href":"https:\/\/ventspils.citro.lv\/ru\/wp-json\/wp\/v2\/media?parent=666230"}],"wp:term":[{"taxonomy":"product_cat","embeddable":true,"href":"https:\/\/ventspils.citro.lv\/ru\/wp-json\/wp\/v2\/product_cat?post=666230"},{"taxonomy":"product_tag","embeddable":true,"href":"https:\/\/ventspils.citro.lv\/ru\/wp-json\/wp\/v2\/product_tag?post=666230"}],"curies":[{"name":"wp","href":"https:\/\/api.w.org\/{rel}","templated":true}]}}