{"id":666157,"date":"2026-05-01T01:27:50","date_gmt":"2026-04-30T22:27:50","guid":{"rendered":"https:\/\/ventspils.citro.lv\/veikals\/konfektes-migle-caramelly\/"},"modified":"2026-05-01T01:28:00","modified_gmt":"2026-04-30T22:28:00","slug":"konfektes-migle-caramelly","status":"publish","type":"product","link":"https:\/\/ventspils.citro.lv\/ru\/veikals\/konfektes-migle-caramelly\/","title":{"rendered":"Konfektes Migle Caramelly"},"content":{"rendered":"<p>Cukurs, glikozes s\u012brups, palmu e\u013c\u013ca, kakao sviests, kakao masa, s\u016bkalu pulveris (no piena), v\u0101jpiena pulveris, s\u016bkalu perme\u0101ta pulveris (no piena), piena tauki emulgatori (lecit\u012bni, E471, E442), aromatiz\u0113t\u0101ji, sk\u0101buma regul\u0113t\u0101js (n\u0101trija karbon\u0101ti), s\u0101ls, sk\u0101be (citronsk\u0101be), stabiliz\u0113t\u0101js (E509). Produkts satur kakao sviestu un citus augu taukus.Uzturv\u0113rt\u012bba 100g: ener\u0123\u0113tisk\u0101 v\u0113rt\u012bba 1880kJ\/447kcal, tauki 15g, tostarp pies\u0101tin\u0101t\u0101s tauksk\u0101bes 8g, og\u013chidr\u0101ti 75g, tostarp cukuri 65g, \u0161\u0137iedrvielas 0,6g, olbaltumvielas 1,7g, s\u0101ls 0,33g.<\/p>\n","protected":false},"excerpt":{"rendered":"<p>10.99 \u20ac\/kg<\/p>\n","protected":false},"featured_media":1255375,"template":"","meta":{"_acf_changed":false,"inline_featured_image":false},"product_cat":[533,125],"product_tag":[],"acf":[],"aioseo_notices":[],"_links":{"self":[{"href":"https:\/\/ventspils.citro.lv\/ru\/wp-json\/wp\/v2\/product\/666157"}],"collection":[{"href":"https:\/\/ventspils.citro.lv\/ru\/wp-json\/wp\/v2\/product"}],"about":[{"href":"https:\/\/ventspils.citro.lv\/ru\/wp-json\/wp\/v2\/types\/product"}],"wp:featuredmedia":[{"embeddable":true,"href":"https:\/\/ventspils.citro.lv\/ru\/wp-json\/wp\/v2\/media\/1255375"}],"wp:attachment":[{"href":"https:\/\/ventspils.citro.lv\/ru\/wp-json\/wp\/v2\/media?parent=666157"}],"wp:term":[{"taxonomy":"product_cat","embeddable":true,"href":"https:\/\/ventspils.citro.lv\/ru\/wp-json\/wp\/v2\/product_cat?post=666157"},{"taxonomy":"product_tag","embeddable":true,"href":"https:\/\/ventspils.citro.lv\/ru\/wp-json\/wp\/v2\/product_tag?post=666157"}],"curies":[{"name":"wp","href":"https:\/\/api.w.org\/{rel}","templated":true}]}}