{"id":66448,"date":"2026-03-28T02:09:18","date_gmt":"2026-03-28T00:09:18","guid":{"rendered":"https:\/\/ventspils.citro.lv\/veikals\/pankukas-ar-galas-pildijumu-360g\/"},"modified":"2026-04-05T10:07:01","modified_gmt":"2026-04-05T07:07:01","slug":"pankukas-ar-galas-pildijumu-citro-360g","status":"publish","type":"product","link":"https:\/\/ventspils.citro.lv\/ru\/veikals\/pankukas-ar-galas-pildijumu-citro-360g\/","title":{"rendered":"Pank\u016bkas ar ga\u013cas pild\u012bjumu Citro 360g"},"content":{"rendered":"<p>Sast\u0101vda\u013cas:C\u016bkga\u013ca 32%,KVIE\u0160U milti,OLAS,augu e\u013c\u013ca,cukurs,KR\u0112JUMS sk\u0101bais,univers\u0101l\u0101 gar\u0161viela,p\u0101rtikas s\u0101ls.100g produkta satur:  ener\u0123\u0113tisk\u0101 v\u0113rt\u012bba 818,6KJ\/368,5kcal,  tauki 29g, tostarp pies\u0101tin\u0101t\u0101s tauksk\u0101bes 2,1g, og\u013chidr\u0101ti 17,8g tostarp cukurs 5g \u0161\u0137iedrvielas 0,9g, olbaltumvielas 7,8g, s\u0101ls 4,6g. Uzglab\u0101\u0161anas t.+2..+6.Ra\u017eot\u0101js SIA Di\u0101na-Bistro. Andreja iela5, Ventspils, LV-3601<\/p>\n","protected":false},"excerpt":{"rendered":"<p>11.92 \u20ac\/kg<\/p>\n","protected":false},"featured_media":1237386,"template":"","meta":{"_acf_changed":false,"inline_featured_image":false},"product_cat":[531,113],"product_tag":[],"acf":[],"aioseo_notices":[],"_links":{"self":[{"href":"https:\/\/ventspils.citro.lv\/ru\/wp-json\/wp\/v2\/product\/66448"}],"collection":[{"href":"https:\/\/ventspils.citro.lv\/ru\/wp-json\/wp\/v2\/product"}],"about":[{"href":"https:\/\/ventspils.citro.lv\/ru\/wp-json\/wp\/v2\/types\/product"}],"wp:featuredmedia":[{"embeddable":true,"href":"https:\/\/ventspils.citro.lv\/ru\/wp-json\/wp\/v2\/media\/1237386"}],"wp:attachment":[{"href":"https:\/\/ventspils.citro.lv\/ru\/wp-json\/wp\/v2\/media?parent=66448"}],"wp:term":[{"taxonomy":"product_cat","embeddable":true,"href":"https:\/\/ventspils.citro.lv\/ru\/wp-json\/wp\/v2\/product_cat?post=66448"},{"taxonomy":"product_tag","embeddable":true,"href":"https:\/\/ventspils.citro.lv\/ru\/wp-json\/wp\/v2\/product_tag?post=66448"}],"curies":[{"name":"wp","href":"https:\/\/api.w.org\/{rel}","templated":true}]}}