{"id":66447,"date":"2026-04-01T02:18:50","date_gmt":"2026-03-31T23:18:50","guid":{"rendered":"https:\/\/ventspils.citro.lv\/veikals\/pankukas-ar-abolu-pildijumu-360g\/"},"modified":"2026-04-17T11:58:01","modified_gmt":"2026-04-17T08:58:01","slug":"pankukas-ar-abolu-pildijumu-citro-360g","status":"publish","type":"product","link":"https:\/\/ventspils.citro.lv\/ru\/veikals\/pankukas-ar-abolu-pildijumu-citro-360g\/","title":{"rendered":"Pank\u016bkas ar \u0101bolu pild\u012bjumu Citro 360g"},"content":{"rendered":"<p>Sast\u0101vda\u013cas:\u0101bolu pild\u012bjums 33% ,KVIE\u0160U milti,OLAS,augu e\u013c\u013ca,cukurs,KR\u0112JUMS sk\u0101bais,p\u0101rtikas s\u0101ls.100g produkta satur:  ener\u0123\u0113tisk\u0101 v\u0113rt\u012bba 1007,4KJ\/240,2kcal,  tauki 11g, tostarp pies\u0101tin\u0101t\u0101s tauksk\u0101bes 2g, og\u013chidr\u0101ti 29g tostarp cukurs 15g \u0161\u0137iedrvielas 1g, olbaltumvielas 4,7g, s\u0101ls 1g. Uzglab\u0101\u0161anas t.+2..+6.Ra\u017eot\u0101js SIA Di\u0101na-Bistro. Andreja iela5, Ventspils, LV-3601<\/p>\n","protected":false},"excerpt":{"rendered":"<p>7.19 \u20ac\/kg<\/p>\n","protected":false},"featured_media":1238719,"template":"","meta":{"_acf_changed":false,"inline_featured_image":false},"product_cat":[531,113],"product_tag":[],"acf":[],"aioseo_notices":[],"_links":{"self":[{"href":"https:\/\/ventspils.citro.lv\/ru\/wp-json\/wp\/v2\/product\/66447"}],"collection":[{"href":"https:\/\/ventspils.citro.lv\/ru\/wp-json\/wp\/v2\/product"}],"about":[{"href":"https:\/\/ventspils.citro.lv\/ru\/wp-json\/wp\/v2\/types\/product"}],"wp:featuredmedia":[{"embeddable":true,"href":"https:\/\/ventspils.citro.lv\/ru\/wp-json\/wp\/v2\/media\/1238719"}],"wp:attachment":[{"href":"https:\/\/ventspils.citro.lv\/ru\/wp-json\/wp\/v2\/media?parent=66447"}],"wp:term":[{"taxonomy":"product_cat","embeddable":true,"href":"https:\/\/ventspils.citro.lv\/ru\/wp-json\/wp\/v2\/product_cat?post=66447"},{"taxonomy":"product_tag","embeddable":true,"href":"https:\/\/ventspils.citro.lv\/ru\/wp-json\/wp\/v2\/product_tag?post=66447"}],"curies":[{"name":"wp","href":"https:\/\/api.w.org\/{rel}","templated":true}]}}