{"id":663,"date":"2026-04-10T05:57:13","date_gmt":"2026-04-10T02:57:13","guid":{"rendered":"http:\/\/cvent.dev.wmc.lv\/ventspils\/veikals\/siers-kausetais-ar-kupinatru-vistu-viola-185g-valio\/"},"modified":"2026-04-10T05:57:19","modified_gmt":"2026-04-10T02:57:19","slug":"kausetais-siers-ar-kupinatu-vistu-viola-valio-185g","status":"publish","type":"product","link":"https:\/\/ventspils.citro.lv\/ru\/veikals\/kausetais-siers-ar-kupinatu-vistu-viola-valio-185g\/","title":{"rendered":"Kaus\u0113tais siers ar k\u016bpin\u0101tu vistu Viola Valio 185g"},"content":{"rendered":"","protected":false},"excerpt":{"rendered":"<p>10.22 \u20ac\/kg<\/p>\n","protected":false},"featured_media":1243234,"template":"","meta":{"_acf_changed":false,"inline_featured_image":false},"product_cat":[95,223],"product_tag":[],"acf":[],"aioseo_notices":[],"_links":{"self":[{"href":"https:\/\/ventspils.citro.lv\/ru\/wp-json\/wp\/v2\/product\/663"}],"collection":[{"href":"https:\/\/ventspils.citro.lv\/ru\/wp-json\/wp\/v2\/product"}],"about":[{"href":"https:\/\/ventspils.citro.lv\/ru\/wp-json\/wp\/v2\/types\/product"}],"wp:featuredmedia":[{"embeddable":true,"href":"https:\/\/ventspils.citro.lv\/ru\/wp-json\/wp\/v2\/media\/1243234"}],"wp:attachment":[{"href":"https:\/\/ventspils.citro.lv\/ru\/wp-json\/wp\/v2\/media?parent=663"}],"wp:term":[{"taxonomy":"product_cat","embeddable":true,"href":"https:\/\/ventspils.citro.lv\/ru\/wp-json\/wp\/v2\/product_cat?post=663"},{"taxonomy":"product_tag","embeddable":true,"href":"https:\/\/ventspils.citro.lv\/ru\/wp-json\/wp\/v2\/product_tag?post=663"}],"curies":[{"name":"wp","href":"https:\/\/api.w.org\/{rel}","templated":true}]}}