{"id":657462,"date":"2026-03-27T10:33:14","date_gmt":"2026-03-27T08:33:14","guid":{"rendered":"https:\/\/ventspils.citro.lv\/veikals\/siera-desa-kupinata-ar-skinki-rambyno-250g\/"},"modified":"2026-03-27T10:33:24","modified_gmt":"2026-03-27T08:33:24","slug":"siera-desa-kupinata-ar-skinki-rambyno-250g","status":"publish","type":"product","link":"https:\/\/ventspils.citro.lv\/ru\/veikals\/siera-desa-kupinata-ar-skinki-rambyno-250g\/","title":{"rendered":"Siera desa k\u016bpin\u0101ta ar \u0161\u0137i\u0146\u0137i Rambyno 250g"},"content":{"rendered":"","protected":false},"excerpt":{"rendered":"<p>6.76 \u20ac\/kg<\/p>\n","protected":false},"featured_media":1236585,"template":"","meta":{"_acf_changed":false,"inline_featured_image":false},"product_cat":[95,225],"product_tag":[],"acf":[],"aioseo_notices":[],"_links":{"self":[{"href":"https:\/\/ventspils.citro.lv\/ru\/wp-json\/wp\/v2\/product\/657462"}],"collection":[{"href":"https:\/\/ventspils.citro.lv\/ru\/wp-json\/wp\/v2\/product"}],"about":[{"href":"https:\/\/ventspils.citro.lv\/ru\/wp-json\/wp\/v2\/types\/product"}],"wp:featuredmedia":[{"embeddable":true,"href":"https:\/\/ventspils.citro.lv\/ru\/wp-json\/wp\/v2\/media\/1236585"}],"wp:attachment":[{"href":"https:\/\/ventspils.citro.lv\/ru\/wp-json\/wp\/v2\/media?parent=657462"}],"wp:term":[{"taxonomy":"product_cat","embeddable":true,"href":"https:\/\/ventspils.citro.lv\/ru\/wp-json\/wp\/v2\/product_cat?post=657462"},{"taxonomy":"product_tag","embeddable":true,"href":"https:\/\/ventspils.citro.lv\/ru\/wp-json\/wp\/v2\/product_tag?post=657462"}],"curies":[{"name":"wp","href":"https:\/\/api.w.org\/{rel}","templated":true}]}}