{"id":657393,"date":"2026-04-10T08:06:33","date_gmt":"2026-04-10T05:06:33","guid":{"rendered":"https:\/\/ventspils.citro.lv\/veikals\/biezenis-rudolfs-darzenu-ar-grikiem-un-jaunlopu-galu-190g\/"},"modified":"2026-04-10T08:06:38","modified_gmt":"2026-04-10T05:06:38","slug":"biezenis-rudolfs-darzenu-ar-grikiem-un-jaunlopu-galu-190g","status":"publish","type":"product","link":"https:\/\/ventspils.citro.lv\/ru\/veikals\/biezenis-rudolfs-darzenu-ar-grikiem-un-jaunlopu-galu-190g\/","title":{"rendered":"Biezenis R\u016bdolfs d\u0101rze\u0146u ar gri\u0137iem un jaunlopu ga\u013cu 190g"},"content":{"rendered":"","protected":false},"excerpt":{"rendered":"<p>11.84 \u20ac\/kg<\/p>\n","protected":false},"featured_media":1243818,"template":"","meta":{"_acf_changed":false,"inline_featured_image":false},"product_cat":[172,173],"product_tag":[],"acf":[],"aioseo_notices":[],"_links":{"self":[{"href":"https:\/\/ventspils.citro.lv\/ru\/wp-json\/wp\/v2\/product\/657393"}],"collection":[{"href":"https:\/\/ventspils.citro.lv\/ru\/wp-json\/wp\/v2\/product"}],"about":[{"href":"https:\/\/ventspils.citro.lv\/ru\/wp-json\/wp\/v2\/types\/product"}],"wp:featuredmedia":[{"embeddable":true,"href":"https:\/\/ventspils.citro.lv\/ru\/wp-json\/wp\/v2\/media\/1243818"}],"wp:attachment":[{"href":"https:\/\/ventspils.citro.lv\/ru\/wp-json\/wp\/v2\/media?parent=657393"}],"wp:term":[{"taxonomy":"product_cat","embeddable":true,"href":"https:\/\/ventspils.citro.lv\/ru\/wp-json\/wp\/v2\/product_cat?post=657393"},{"taxonomy":"product_tag","embeddable":true,"href":"https:\/\/ventspils.citro.lv\/ru\/wp-json\/wp\/v2\/product_tag?post=657393"}],"curies":[{"name":"wp","href":"https:\/\/api.w.org\/{rel}","templated":true}]}}