{"id":657381,"date":"2025-12-19T06:27:14","date_gmt":"2025-12-19T04:27:14","guid":{"rendered":"https:\/\/ventspils.citro.lv\/veikals\/karamele-burvju-sala-asorti-sver\/"},"modified":"2025-12-19T06:27:25","modified_gmt":"2025-12-19T04:27:25","slug":"karamele-burvju-sala-asorti-sver","status":"publish","type":"product","link":"https:\/\/ventspils.citro.lv\/ru\/veikals\/karamele-burvju-sala-asorti-sver\/","title":{"rendered":"Karamele Burvju sala asorti sver."},"content":{"rendered":"<p>Sast\u0101vda\u013cas: baltais krist\u0101liskais cukurs, cietes s\u012brups, \u0101bolu biezenis, sk\u0101buma regul\u0113t\u0101ji: p\u0101rtikas citronsk\u0101be monohidr\u0101ts un p\u0101rtikas piensk\u0101be, aromatiz\u0113t\u0101ji &#171;Citrons&#187;, &#171;Zemene&#187;, &#171;\u0136irsis&#187;, &#171;Apels\u012bns&#187;, &#171;Avene&#187;, dab\u012bg\u0101 kr\u0101svielas: E102, E122, E110. Satur kr\u0101svielu (E102, E122, E110), kura var negat\u012bvi ietekm\u0113t b\u0113rnu aktivit\u0101ti un uzman\u012bbu. Ener\u0123\u0113tisk\u0101 v\u0113rt\u012bba: 1502kJ\/359kcal 100g produkta, uzturv\u0113rt\u012bba: 100g produkta tauki 0,1g, no tiem pies\u0101tin\u0101ti 0g, og\u013chidr\u0101ti 94,3g, no tiem cukuri 58g, olbaltumvielas 0,1g, s\u0101ls 0g. Uzglab\u0101\u0161anas temperat\u016bra: 18+3C.<\/p>\n","protected":false},"excerpt":{"rendered":"<p>5.59 \u20ac\/kg<\/p>\n","protected":false},"featured_media":1179821,"template":"","meta":{"_acf_changed":false,"inline_featured_image":false},"product_cat":[533,125],"product_tag":[],"acf":[],"aioseo_notices":[],"_links":{"self":[{"href":"https:\/\/ventspils.citro.lv\/ru\/wp-json\/wp\/v2\/product\/657381"}],"collection":[{"href":"https:\/\/ventspils.citro.lv\/ru\/wp-json\/wp\/v2\/product"}],"about":[{"href":"https:\/\/ventspils.citro.lv\/ru\/wp-json\/wp\/v2\/types\/product"}],"wp:featuredmedia":[{"embeddable":true,"href":"https:\/\/ventspils.citro.lv\/ru\/wp-json\/wp\/v2\/media\/1179821"}],"wp:attachment":[{"href":"https:\/\/ventspils.citro.lv\/ru\/wp-json\/wp\/v2\/media?parent=657381"}],"wp:term":[{"taxonomy":"product_cat","embeddable":true,"href":"https:\/\/ventspils.citro.lv\/ru\/wp-json\/wp\/v2\/product_cat?post=657381"},{"taxonomy":"product_tag","embeddable":true,"href":"https:\/\/ventspils.citro.lv\/ru\/wp-json\/wp\/v2\/product_tag?post=657381"}],"curies":[{"name":"wp","href":"https:\/\/api.w.org\/{rel}","templated":true}]}}