{"id":648912,"date":"2026-03-31T04:21:47","date_gmt":"2026-03-31T01:21:47","guid":{"rendered":"https:\/\/ventspils.citro.lv\/veikals\/olives-zalas-pilditas-ar-garnelu-pastu-314ml\/"},"modified":"2026-03-31T04:21:52","modified_gmt":"2026-03-31T01:21:52","slug":"olives-zalas-pilditas-ar-garnelu-pastu-314ml","status":"publish","type":"product","link":"https:\/\/ventspils.citro.lv\/ru\/veikals\/olives-zalas-pilditas-ar-garnelu-pastu-314ml\/","title":{"rendered":"Ol\u012bves za\u013c\u0101s pild\u012btas ar garne\u013cu pastu 314ml"},"content":{"rendered":"<p>Manzanillas ol\u012bves, GARNE\u013bU pasta 6%(\u016bdens, GARNELES 10%, biezin\u0101t\u0101js- natrija algin\u0101ts), s\u0101ls, gar\u0161as pastiprinatajs: natrija glukomats, skabuma regul\u0113t\u0101js: citronsk\u0101be un PIENSK\u0100BE. Antioksid\u0101ns: askorb\u012bnsk\u0101be.<\/p>\n","protected":false},"excerpt":{"rendered":"<p>9.24 \u20ac\/l<\/p>\n","protected":false},"featured_media":1238323,"template":"","meta":{"_acf_changed":false,"inline_featured_image":false},"product_cat":[572,103],"product_tag":[],"acf":[],"aioseo_notices":[],"_links":{"self":[{"href":"https:\/\/ventspils.citro.lv\/ru\/wp-json\/wp\/v2\/product\/648912"}],"collection":[{"href":"https:\/\/ventspils.citro.lv\/ru\/wp-json\/wp\/v2\/product"}],"about":[{"href":"https:\/\/ventspils.citro.lv\/ru\/wp-json\/wp\/v2\/types\/product"}],"wp:featuredmedia":[{"embeddable":true,"href":"https:\/\/ventspils.citro.lv\/ru\/wp-json\/wp\/v2\/media\/1238323"}],"wp:attachment":[{"href":"https:\/\/ventspils.citro.lv\/ru\/wp-json\/wp\/v2\/media?parent=648912"}],"wp:term":[{"taxonomy":"product_cat","embeddable":true,"href":"https:\/\/ventspils.citro.lv\/ru\/wp-json\/wp\/v2\/product_cat?post=648912"},{"taxonomy":"product_tag","embeddable":true,"href":"https:\/\/ventspils.citro.lv\/ru\/wp-json\/wp\/v2\/product_tag?post=648912"}],"curies":[{"name":"wp","href":"https:\/\/api.w.org\/{rel}","templated":true}]}}