{"id":648910,"date":"2026-04-28T04:12:39","date_gmt":"2026-04-28T01:12:39","guid":{"rendered":"https:\/\/ventspils.citro.lv\/veikals\/olives-zalas-pilditas-ar-ansovu-pastu-314ml\/"},"modified":"2026-04-30T13:41:09","modified_gmt":"2026-04-30T10:41:09","slug":"olivas-zalas-pilditas-ar-ansovu-pastu-314ml","status":"publish","type":"product","link":"https:\/\/ventspils.citro.lv\/ru\/veikals\/olivas-zalas-pilditas-ar-ansovu-pastu-314ml\/","title":{"rendered":"Ol\u012bvas za\u013c\u0101s pild\u012btas ar an\u0161ovu pastu 314ml"},"content":{"rendered":"<p>\u016bdens, za\u013c\u0101s ol\u012bves Manzanilla, AN\u0160OVU pasta 6% (\u016bdens, AN\u0160OVI 30%, biezin\u0101t\u0101js n\u0101trija algin\u0101ts), s\u0101ls, gar\u0161as pastiprin\u0101t\u0101js: monon\u0101trija glutam\u0101ts, sk\u0101buma regul\u0113t\u0101ji &#8212; citronsk\u0101be un  PIENSK\u0100BE, antioksidants &#8212; askorb\u012bnsk\u0101be.<\/p>\n","protected":false},"excerpt":{"rendered":"<p>9.24 \u20ac\/l<\/p>\n","protected":false},"featured_media":1254519,"template":"","meta":{"_acf_changed":false,"inline_featured_image":false},"product_cat":[572,103],"product_tag":[],"acf":[],"aioseo_notices":[],"_links":{"self":[{"href":"https:\/\/ventspils.citro.lv\/ru\/wp-json\/wp\/v2\/product\/648910"}],"collection":[{"href":"https:\/\/ventspils.citro.lv\/ru\/wp-json\/wp\/v2\/product"}],"about":[{"href":"https:\/\/ventspils.citro.lv\/ru\/wp-json\/wp\/v2\/types\/product"}],"wp:featuredmedia":[{"embeddable":true,"href":"https:\/\/ventspils.citro.lv\/ru\/wp-json\/wp\/v2\/media\/1254519"}],"wp:attachment":[{"href":"https:\/\/ventspils.citro.lv\/ru\/wp-json\/wp\/v2\/media?parent=648910"}],"wp:term":[{"taxonomy":"product_cat","embeddable":true,"href":"https:\/\/ventspils.citro.lv\/ru\/wp-json\/wp\/v2\/product_cat?post=648910"},{"taxonomy":"product_tag","embeddable":true,"href":"https:\/\/ventspils.citro.lv\/ru\/wp-json\/wp\/v2\/product_tag?post=648910"}],"curies":[{"name":"wp","href":"https:\/\/api.w.org\/{rel}","templated":true}]}}