{"id":648907,"date":"2026-04-03T01:24:28","date_gmt":"2026-04-02T22:24:28","guid":{"rendered":"https:\/\/ventspils.citro.lv\/veikals\/nudeles-a-p-reeva-ar-vistas-galas-garsu-paka-60g\/"},"modified":"2026-04-03T01:24:33","modified_gmt":"2026-04-02T22:24:33","slug":"nudeles-a-p-reeva-ar-vistas-galas-garsu-paka-60g","status":"publish","type":"product","link":"https:\/\/ventspils.citro.lv\/ru\/veikals\/nudeles-a-p-reeva-ar-vistas-galas-garsu-paka-60g\/","title":{"rendered":"N\u016bdeles \u0101\/p Reeva ar vistas ga\u013cas gar\u0161u pak\u0101 60g"},"content":{"rendered":"","protected":false},"excerpt":{"rendered":"<p>8.17 \u20ac\/kg<\/p>\n","protected":false},"featured_media":1239476,"template":"","meta":{"_acf_changed":false,"inline_featured_image":false},"product_cat":[111,138],"product_tag":[],"acf":[],"aioseo_notices":[],"_links":{"self":[{"href":"https:\/\/ventspils.citro.lv\/ru\/wp-json\/wp\/v2\/product\/648907"}],"collection":[{"href":"https:\/\/ventspils.citro.lv\/ru\/wp-json\/wp\/v2\/product"}],"about":[{"href":"https:\/\/ventspils.citro.lv\/ru\/wp-json\/wp\/v2\/types\/product"}],"wp:featuredmedia":[{"embeddable":true,"href":"https:\/\/ventspils.citro.lv\/ru\/wp-json\/wp\/v2\/media\/1239476"}],"wp:attachment":[{"href":"https:\/\/ventspils.citro.lv\/ru\/wp-json\/wp\/v2\/media?parent=648907"}],"wp:term":[{"taxonomy":"product_cat","embeddable":true,"href":"https:\/\/ventspils.citro.lv\/ru\/wp-json\/wp\/v2\/product_cat?post=648907"},{"taxonomy":"product_tag","embeddable":true,"href":"https:\/\/ventspils.citro.lv\/ru\/wp-json\/wp\/v2\/product_tag?post=648907"}],"curies":[{"name":"wp","href":"https:\/\/api.w.org\/{rel}","templated":true}]}}