{"id":648742,"date":"2026-03-28T02:24:27","date_gmt":"2026-03-28T00:24:27","guid":{"rendered":"https:\/\/ventspils.citro.lv\/veikals\/sokolades-tafele-serenade-tumsa-ar-apr-un-lazdu-riekst-190g\/"},"modified":"2026-03-28T02:24:33","modified_gmt":"2026-03-28T00:24:33","slug":"sokolades-tafele-serenade-tumsa-ar-apr-un-lazdu-riekst-190g","status":"publish","type":"product","link":"https:\/\/ventspils.citro.lv\/ru\/veikals\/sokolades-tafele-serenade-tumsa-ar-apr-un-lazdu-riekst-190g\/","title":{"rendered":"\u0160okol\u0101des t\u0101fele Seren\u0101de tum\u0161\u0101 ar apr.un lazdu riekst. 190g"},"content":{"rendered":"","protected":false},"excerpt":{"rendered":"<p>33.11 \u20ac\/kg<\/p>\n","protected":false},"featured_media":1237445,"template":"","meta":{"_acf_changed":false,"inline_featured_image":false},"product_cat":[547,125],"product_tag":[],"acf":[],"aioseo_notices":[],"_links":{"self":[{"href":"https:\/\/ventspils.citro.lv\/ru\/wp-json\/wp\/v2\/product\/648742"}],"collection":[{"href":"https:\/\/ventspils.citro.lv\/ru\/wp-json\/wp\/v2\/product"}],"about":[{"href":"https:\/\/ventspils.citro.lv\/ru\/wp-json\/wp\/v2\/types\/product"}],"wp:featuredmedia":[{"embeddable":true,"href":"https:\/\/ventspils.citro.lv\/ru\/wp-json\/wp\/v2\/media\/1237445"}],"wp:attachment":[{"href":"https:\/\/ventspils.citro.lv\/ru\/wp-json\/wp\/v2\/media?parent=648742"}],"wp:term":[{"taxonomy":"product_cat","embeddable":true,"href":"https:\/\/ventspils.citro.lv\/ru\/wp-json\/wp\/v2\/product_cat?post=648742"},{"taxonomy":"product_tag","embeddable":true,"href":"https:\/\/ventspils.citro.lv\/ru\/wp-json\/wp\/v2\/product_tag?post=648742"}],"curies":[{"name":"wp","href":"https:\/\/api.w.org\/{rel}","templated":true}]}}