{"id":646399,"date":"2025-09-18T01:27:15","date_gmt":"2025-09-17T22:27:15","guid":{"rendered":"https:\/\/ventspils.citro.lv\/veikals\/zupa-borscs-svaigu-kapostu-citro-500g\/"},"modified":"2025-12-07T21:26:33","modified_gmt":"2025-12-07T19:26:33","slug":"zupa-borscs-svaigu-kapostu-citro-500g","status":"publish","type":"product","link":"https:\/\/ventspils.citro.lv\/ru\/veikals\/zupa-borscs-svaigu-kapostu-citro-500g\/","title":{"rendered":"Zupa Bor\u0161\u010ds svaigu k\u0101postu Citro 500g"},"content":{"rendered":"<p>Sast\u0101vs:Svaigi k\u0101osti, kartupe\u013ci, v\u0101r\u012btas bietes, burk\u0101ni, s\u012bpoli, k\u016bpin\u0101ta ga\u013ca, \u016bdens, p\u0101rtikas s\u0101ls, univers\u0101l\u0101 gar\u0161viela.   Uzglab\u0101t t virs +2- +6. Ra\u017eot\u0101js Sia Di\u0101na Bistro.<\/p>\n","protected":false},"excerpt":{"rendered":"<p>3.58 \u20ac\/gb<\/p>\n","protected":false},"featured_media":1128141,"template":"","meta":{"_acf_changed":false,"inline_featured_image":false},"product_cat":[113,222],"product_tag":[],"acf":[],"aioseo_notices":[],"_links":{"self":[{"href":"https:\/\/ventspils.citro.lv\/ru\/wp-json\/wp\/v2\/product\/646399"}],"collection":[{"href":"https:\/\/ventspils.citro.lv\/ru\/wp-json\/wp\/v2\/product"}],"about":[{"href":"https:\/\/ventspils.citro.lv\/ru\/wp-json\/wp\/v2\/types\/product"}],"wp:featuredmedia":[{"embeddable":true,"href":"https:\/\/ventspils.citro.lv\/ru\/wp-json\/wp\/v2\/media\/1128141"}],"wp:attachment":[{"href":"https:\/\/ventspils.citro.lv\/ru\/wp-json\/wp\/v2\/media?parent=646399"}],"wp:term":[{"taxonomy":"product_cat","embeddable":true,"href":"https:\/\/ventspils.citro.lv\/ru\/wp-json\/wp\/v2\/product_cat?post=646399"},{"taxonomy":"product_tag","embeddable":true,"href":"https:\/\/ventspils.citro.lv\/ru\/wp-json\/wp\/v2\/product_tag?post=646399"}],"curies":[{"name":"wp","href":"https:\/\/api.w.org\/{rel}","templated":true}]}}