{"id":640657,"date":"2026-04-10T08:36:34","date_gmt":"2026-04-10T05:36:34","guid":{"rendered":"https:\/\/ventspils.citro.lv\/veikals\/sokolade-tumsa-72-pergale-85g\/"},"modified":"2026-04-10T08:36:44","modified_gmt":"2026-04-10T05:36:44","slug":"sokolade-tumsa-72-pergale-85g","status":"publish","type":"product","link":"https:\/\/ventspils.citro.lv\/ru\/veikals\/sokolade-tumsa-72-pergale-85g\/","title":{"rendered":"\u0160okol\u0101de tum\u0161\u0101 72% Pergale 85g"},"content":{"rendered":"","protected":false},"excerpt":{"rendered":"<p>31.65 \u20ac\/kg<\/p>\n","protected":false},"featured_media":1243952,"template":"","meta":{"_acf_changed":false,"inline_featured_image":false},"product_cat":[547,125],"product_tag":[],"acf":[],"aioseo_notices":[],"_links":{"self":[{"href":"https:\/\/ventspils.citro.lv\/ru\/wp-json\/wp\/v2\/product\/640657"}],"collection":[{"href":"https:\/\/ventspils.citro.lv\/ru\/wp-json\/wp\/v2\/product"}],"about":[{"href":"https:\/\/ventspils.citro.lv\/ru\/wp-json\/wp\/v2\/types\/product"}],"wp:featuredmedia":[{"embeddable":true,"href":"https:\/\/ventspils.citro.lv\/ru\/wp-json\/wp\/v2\/media\/1243952"}],"wp:attachment":[{"href":"https:\/\/ventspils.citro.lv\/ru\/wp-json\/wp\/v2\/media?parent=640657"}],"wp:term":[{"taxonomy":"product_cat","embeddable":true,"href":"https:\/\/ventspils.citro.lv\/ru\/wp-json\/wp\/v2\/product_cat?post=640657"},{"taxonomy":"product_tag","embeddable":true,"href":"https:\/\/ventspils.citro.lv\/ru\/wp-json\/wp\/v2\/product_tag?post=640657"}],"curies":[{"name":"wp","href":"https:\/\/api.w.org\/{rel}","templated":true}]}}