{"id":640656,"date":"2026-05-09T01:21:40","date_gmt":"2026-05-08T22:21:40","guid":{"rendered":"https:\/\/ventspils.citro.lv\/veikals\/sokolade-tumsa-ar-dzervenem-pergale-85g\/"},"modified":"2026-05-09T01:21:50","modified_gmt":"2026-05-08T22:21:50","slug":"sokolade-tumsa-ar-dzervenem-pergale-85g","status":"publish","type":"product","link":"https:\/\/ventspils.citro.lv\/ru\/veikals\/sokolade-tumsa-ar-dzervenem-pergale-85g\/","title":{"rendered":"\u0160okol\u0101de tum\u0161\u0101 ar dz\u0113rven\u0113m Pergale 85g"},"content":{"rendered":"","protected":false},"excerpt":{"rendered":"<p>18.71 \u20ac\/kg<\/p>\n","protected":false},"featured_media":1258192,"template":"","meta":{"_acf_changed":false,"inline_featured_image":false},"product_cat":[547,125],"product_tag":[],"acf":[],"aioseo_notices":[],"_links":{"self":[{"href":"https:\/\/ventspils.citro.lv\/ru\/wp-json\/wp\/v2\/product\/640656"}],"collection":[{"href":"https:\/\/ventspils.citro.lv\/ru\/wp-json\/wp\/v2\/product"}],"about":[{"href":"https:\/\/ventspils.citro.lv\/ru\/wp-json\/wp\/v2\/types\/product"}],"wp:featuredmedia":[{"embeddable":true,"href":"https:\/\/ventspils.citro.lv\/ru\/wp-json\/wp\/v2\/media\/1258192"}],"wp:attachment":[{"href":"https:\/\/ventspils.citro.lv\/ru\/wp-json\/wp\/v2\/media?parent=640656"}],"wp:term":[{"taxonomy":"product_cat","embeddable":true,"href":"https:\/\/ventspils.citro.lv\/ru\/wp-json\/wp\/v2\/product_cat?post=640656"},{"taxonomy":"product_tag","embeddable":true,"href":"https:\/\/ventspils.citro.lv\/ru\/wp-json\/wp\/v2\/product_tag?post=640656"}],"curies":[{"name":"wp","href":"https:\/\/api.w.org\/{rel}","templated":true}]}}