{"id":639823,"date":"2026-05-12T06:51:44","date_gmt":"2026-05-12T03:51:44","guid":{"rendered":"https:\/\/ventspils.citro.lv\/veikals\/konfektes-ledenes-crazy-dips-strawberry-chch-14g\/"},"modified":"2026-05-12T06:51:53","modified_gmt":"2026-05-12T03:51:53","slug":"konfektes-ledenes-crazy-dips-strawberry-chch-14g","status":"publish","type":"product","link":"https:\/\/ventspils.citro.lv\/ru\/veikals\/konfektes-ledenes-crazy-dips-strawberry-chch-14g\/","title":{"rendered":"Konfektes ledenes crazy dips strawberry Chch 14g"},"content":{"rendered":"<p>cukurs, glikozes s\u012brups, sk\u0101bes (citronsk\u0101be, piensk\u0101be, \u0101bolsk\u0101be), aromatiz\u0113t\u0101ji, oglek\u013ca dioks\u012bds, sk\u0101buma regul\u0113t\u0101js (n\u0101trija karbon\u0101ti), kr\u0101svielas (karm\u012bni, bie\u0161u sarkanais).<\/p>\n","protected":false},"excerpt":{"rendered":"<p>55.00 \u20ac\/kg<\/p>\n","protected":false},"featured_media":1259518,"template":"","meta":{"_acf_changed":false,"inline_featured_image":false},"product_cat":[533,125],"product_tag":[],"acf":[],"aioseo_notices":[],"_links":{"self":[{"href":"https:\/\/ventspils.citro.lv\/ru\/wp-json\/wp\/v2\/product\/639823"}],"collection":[{"href":"https:\/\/ventspils.citro.lv\/ru\/wp-json\/wp\/v2\/product"}],"about":[{"href":"https:\/\/ventspils.citro.lv\/ru\/wp-json\/wp\/v2\/types\/product"}],"wp:featuredmedia":[{"embeddable":true,"href":"https:\/\/ventspils.citro.lv\/ru\/wp-json\/wp\/v2\/media\/1259518"}],"wp:attachment":[{"href":"https:\/\/ventspils.citro.lv\/ru\/wp-json\/wp\/v2\/media?parent=639823"}],"wp:term":[{"taxonomy":"product_cat","embeddable":true,"href":"https:\/\/ventspils.citro.lv\/ru\/wp-json\/wp\/v2\/product_cat?post=639823"},{"taxonomy":"product_tag","embeddable":true,"href":"https:\/\/ventspils.citro.lv\/ru\/wp-json\/wp\/v2\/product_tag?post=639823"}],"curies":[{"name":"wp","href":"https:\/\/api.w.org\/{rel}","templated":true}]}}