{"id":639698,"date":"2026-04-10T06:03:14","date_gmt":"2026-04-10T03:03:14","guid":{"rendered":"https:\/\/ventspils.citro.lv\/veikals\/kafija-malta-illy-tumsi-grauzdeta-espresso-250g\/"},"modified":"2026-04-10T06:03:25","modified_gmt":"2026-04-10T03:03:25","slug":"kafija-malta-illy-tumsi-grauzdeta-espresso-250g","status":"publish","type":"product","link":"https:\/\/ventspils.citro.lv\/ru\/veikals\/kafija-malta-illy-tumsi-grauzdeta-espresso-250g\/","title":{"rendered":"Kafija malt\u0101 illy tum\u0161i grauzd\u0113ta Espresso 250g"},"content":{"rendered":"","protected":false},"excerpt":{"rendered":"<p>51.16 \u20ac\/kg<\/p>\n","protected":false},"featured_media":1243268,"template":"","meta":{"_acf_changed":false,"inline_featured_image":false},"product_cat":[570,142],"product_tag":[],"acf":[],"aioseo_notices":[],"_links":{"self":[{"href":"https:\/\/ventspils.citro.lv\/ru\/wp-json\/wp\/v2\/product\/639698"}],"collection":[{"href":"https:\/\/ventspils.citro.lv\/ru\/wp-json\/wp\/v2\/product"}],"about":[{"href":"https:\/\/ventspils.citro.lv\/ru\/wp-json\/wp\/v2\/types\/product"}],"wp:featuredmedia":[{"embeddable":true,"href":"https:\/\/ventspils.citro.lv\/ru\/wp-json\/wp\/v2\/media\/1243268"}],"wp:attachment":[{"href":"https:\/\/ventspils.citro.lv\/ru\/wp-json\/wp\/v2\/media?parent=639698"}],"wp:term":[{"taxonomy":"product_cat","embeddable":true,"href":"https:\/\/ventspils.citro.lv\/ru\/wp-json\/wp\/v2\/product_cat?post=639698"},{"taxonomy":"product_tag","embeddable":true,"href":"https:\/\/ventspils.citro.lv\/ru\/wp-json\/wp\/v2\/product_tag?post=639698"}],"curies":[{"name":"wp","href":"https:\/\/api.w.org\/{rel}","templated":true}]}}