{"id":639639,"date":"2026-03-27T06:09:58","date_gmt":"2026-03-27T04:09:58","guid":{"rendered":"https:\/\/ventspils.citro.lv\/veikals\/sardeles-ekspress-mini\/"},"modified":"2026-03-29T13:55:08","modified_gmt":"2026-03-29T10:55:08","slug":"sardeles-ekspress-mini","status":"publish","type":"product","link":"https:\/\/ventspils.citro.lv\/ru\/veikals\/sardeles-ekspress-mini\/","title":{"rendered":"Sardeles Ekspress mini"},"content":{"rendered":"<p>Sast\u0101vda\u013cas: c\u0101\u013cu meh\u0101niski atdal\u012bta ga\u013ca, \u016bdens, c\u016bku spe\u0137is, sojas olbaltumvielas, s\u0101ls, konservants E250, piena s\u016bkalas, c\u016bku asins plama, stabiliz\u0113t\u0101ji E451, E412, gar\u0161as pastiprin\u0101t\u0101js E621, gar\u0161vielu ekstrakts, antioksidants E316. Produkts var staur\u0113t sinepju da\u013ci\u0146as. C\u0101\u013ca meh\u0101niski atdal\u012btas ga\u013cas un c\u016bku spe\u0137a izcelsme ES. 100g produkta satur: ener\u0123\u0113tisk\u0101 v\u0113rt\u012bba 884kJ\/211kcl, tauki 16g, tostarp pies\u0101tin\u0101t\u0101s tauksk\u0101bes 5g, og\u013chidr\u0101ti 1,1g, tostarp cukuri 0,43g, olbaltumvielas 14g, s\u0101ls 1,74g. Uzglab\u0101\u0161anas temperat\u016bra: +2&#8230;+6C.<\/p>\n","protected":false},"excerpt":{"rendered":"<p>4.39 \u20ac\/kg<\/p>\n","protected":false},"featured_media":1235540,"template":"","meta":{"_acf_changed":false,"inline_featured_image":false},"product_cat":[135,192],"product_tag":[],"acf":[],"aioseo_notices":[],"_links":{"self":[{"href":"https:\/\/ventspils.citro.lv\/ru\/wp-json\/wp\/v2\/product\/639639"}],"collection":[{"href":"https:\/\/ventspils.citro.lv\/ru\/wp-json\/wp\/v2\/product"}],"about":[{"href":"https:\/\/ventspils.citro.lv\/ru\/wp-json\/wp\/v2\/types\/product"}],"wp:featuredmedia":[{"embeddable":true,"href":"https:\/\/ventspils.citro.lv\/ru\/wp-json\/wp\/v2\/media\/1235540"}],"wp:attachment":[{"href":"https:\/\/ventspils.citro.lv\/ru\/wp-json\/wp\/v2\/media?parent=639639"}],"wp:term":[{"taxonomy":"product_cat","embeddable":true,"href":"https:\/\/ventspils.citro.lv\/ru\/wp-json\/wp\/v2\/product_cat?post=639639"},{"taxonomy":"product_tag","embeddable":true,"href":"https:\/\/ventspils.citro.lv\/ru\/wp-json\/wp\/v2\/product_tag?post=639639"}],"curies":[{"name":"wp","href":"https:\/\/api.w.org\/{rel}","templated":true}]}}