{"id":637325,"date":"2026-05-12T04:37:00","date_gmt":"2026-05-12T01:37:00","guid":{"rendered":"https:\/\/ventspils.citro.lv\/veikals\/sauteta-cukgala-augstaka-labuma-325g\/"},"modified":"2026-05-12T04:37:11","modified_gmt":"2026-05-12T01:37:11","slug":"sauteta-cukgala-augstaka-labuma-325g","status":"publish","type":"product","link":"https:\/\/ventspils.citro.lv\/ru\/veikals\/sauteta-cukgala-augstaka-labuma-325g\/","title":{"rendered":"Saut\u0113ta c\u016bkga\u013ca augst\u0101k\u0101 labuma 325g"},"content":{"rendered":"","protected":false},"excerpt":{"rendered":"<p>6.92 \u20ac\/kg<\/p>\n","protected":false},"featured_media":1258891,"template":"","meta":{"_acf_changed":false,"inline_featured_image":false},"product_cat":[135,174],"product_tag":[],"acf":[],"aioseo_notices":[],"_links":{"self":[{"href":"https:\/\/ventspils.citro.lv\/ru\/wp-json\/wp\/v2\/product\/637325"}],"collection":[{"href":"https:\/\/ventspils.citro.lv\/ru\/wp-json\/wp\/v2\/product"}],"about":[{"href":"https:\/\/ventspils.citro.lv\/ru\/wp-json\/wp\/v2\/types\/product"}],"wp:featuredmedia":[{"embeddable":true,"href":"https:\/\/ventspils.citro.lv\/ru\/wp-json\/wp\/v2\/media\/1258891"}],"wp:attachment":[{"href":"https:\/\/ventspils.citro.lv\/ru\/wp-json\/wp\/v2\/media?parent=637325"}],"wp:term":[{"taxonomy":"product_cat","embeddable":true,"href":"https:\/\/ventspils.citro.lv\/ru\/wp-json\/wp\/v2\/product_cat?post=637325"},{"taxonomy":"product_tag","embeddable":true,"href":"https:\/\/ventspils.citro.lv\/ru\/wp-json\/wp\/v2\/product_tag?post=637325"}],"curies":[{"name":"wp","href":"https:\/\/api.w.org\/{rel}","templated":true}]}}