{"id":635,"date":"2026-05-12T03:33:48","date_gmt":"2026-05-12T00:33:48","guid":{"rendered":"http:\/\/cvent.dev.wmc.lv\/ventspils\/veikals\/nujinas-surimi-ar-krabju-garsu-dzesetas-150g-vici\/"},"modified":"2026-05-12T03:33:58","modified_gmt":"2026-05-12T00:33:58","slug":"surimi-nujinas-ar-krabju-garsu-dzesetas-vici-150g","status":"publish","type":"product","link":"https:\/\/ventspils.citro.lv\/ru\/veikals\/surimi-nujinas-ar-krabju-garsu-dzesetas-vici-150g\/","title":{"rendered":"Surimi n\u016bji\u0146as ar krabju gar\u0161u dzes\u0113tas Vi\u010di 150g"},"content":{"rendered":"","protected":false},"excerpt":{"rendered":"<p>14.33 \u20ac\/kg<\/p>\n","protected":false},"featured_media":1258599,"template":"","meta":{"_acf_changed":false,"inline_featured_image":false},"product_cat":[554,135],"product_tag":[],"acf":[],"aioseo_notices":[],"_links":{"self":[{"href":"https:\/\/ventspils.citro.lv\/ru\/wp-json\/wp\/v2\/product\/635"}],"collection":[{"href":"https:\/\/ventspils.citro.lv\/ru\/wp-json\/wp\/v2\/product"}],"about":[{"href":"https:\/\/ventspils.citro.lv\/ru\/wp-json\/wp\/v2\/types\/product"}],"wp:featuredmedia":[{"embeddable":true,"href":"https:\/\/ventspils.citro.lv\/ru\/wp-json\/wp\/v2\/media\/1258599"}],"wp:attachment":[{"href":"https:\/\/ventspils.citro.lv\/ru\/wp-json\/wp\/v2\/media?parent=635"}],"wp:term":[{"taxonomy":"product_cat","embeddable":true,"href":"https:\/\/ventspils.citro.lv\/ru\/wp-json\/wp\/v2\/product_cat?post=635"},{"taxonomy":"product_tag","embeddable":true,"href":"https:\/\/ventspils.citro.lv\/ru\/wp-json\/wp\/v2\/product_tag?post=635"}],"curies":[{"name":"wp","href":"https:\/\/api.w.org\/{rel}","templated":true}]}}