{"id":633855,"date":"2026-02-18T02:03:03","date_gmt":"2026-02-18T00:03:03","guid":{"rendered":"https:\/\/ventspils.citro.lv\/veikals\/klade-rutinu-48lp-dzivnieki\/"},"modified":"2026-02-18T02:03:23","modified_gmt":"2026-02-18T00:03:23","slug":"klade-rutinu-48lp-dzivnieki","status":"publish","type":"product","link":"https:\/\/ventspils.citro.lv\/ru\/veikals\/klade-rutinu-48lp-dzivnieki\/","title":{"rendered":"Klade r\u016bti\u0146u 48lp Dz\u012bvnieki"},"content":{"rendered":"","protected":false},"excerpt":{"rendered":"<p>0.99 \u20ac\/gb<\/p>\n","protected":false},"featured_media":1210867,"template":"","meta":{"_acf_changed":false,"inline_featured_image":false},"product_cat":[131,198],"product_tag":[],"acf":[],"aioseo_notices":[],"_links":{"self":[{"href":"https:\/\/ventspils.citro.lv\/ru\/wp-json\/wp\/v2\/product\/633855"}],"collection":[{"href":"https:\/\/ventspils.citro.lv\/ru\/wp-json\/wp\/v2\/product"}],"about":[{"href":"https:\/\/ventspils.citro.lv\/ru\/wp-json\/wp\/v2\/types\/product"}],"wp:featuredmedia":[{"embeddable":true,"href":"https:\/\/ventspils.citro.lv\/ru\/wp-json\/wp\/v2\/media\/1210867"}],"wp:attachment":[{"href":"https:\/\/ventspils.citro.lv\/ru\/wp-json\/wp\/v2\/media?parent=633855"}],"wp:term":[{"taxonomy":"product_cat","embeddable":true,"href":"https:\/\/ventspils.citro.lv\/ru\/wp-json\/wp\/v2\/product_cat?post=633855"},{"taxonomy":"product_tag","embeddable":true,"href":"https:\/\/ventspils.citro.lv\/ru\/wp-json\/wp\/v2\/product_tag?post=633855"}],"curies":[{"name":"wp","href":"https:\/\/api.w.org\/{rel}","templated":true}]}}