{"id":633487,"date":"2026-03-13T03:18:40","date_gmt":"2026-03-13T01:18:40","guid":{"rendered":"https:\/\/ventspils.citro.lv\/veikals\/ziepes-palmolive-milkhoney-90g\/"},"modified":"2026-04-28T23:11:22","modified_gmt":"2026-04-28T20:11:22","slug":"ziepes-palmolive-milkhoney-90g","status":"publish","type":"product","link":"https:\/\/ventspils.citro.lv\/ru\/veikals\/ziepes-palmolive-milkhoney-90g\/","title":{"rendered":"Ziepes Palmolive Milk&#038;Honey 90g"},"content":{"rendered":"<p>Palmolive ziepes ar piena un medus ekstraktiem. J\u016bsu \u0101da b\u016bs t\u012bra, m\u012bksta un mitrin\u0101ta. Sast\u0101vs 98% ir dabiskas izcelsmes.<\/p>\n","protected":false},"excerpt":{"rendered":"<p>9.89 \u20ac\/kg<\/p>\n","protected":false},"featured_media":1224961,"template":"","meta":{"_acf_changed":false,"inline_featured_image":false},"product_cat":[601,127],"product_tag":[],"acf":[],"aioseo_notices":[],"_links":{"self":[{"href":"https:\/\/ventspils.citro.lv\/ru\/wp-json\/wp\/v2\/product\/633487"}],"collection":[{"href":"https:\/\/ventspils.citro.lv\/ru\/wp-json\/wp\/v2\/product"}],"about":[{"href":"https:\/\/ventspils.citro.lv\/ru\/wp-json\/wp\/v2\/types\/product"}],"wp:featuredmedia":[{"embeddable":true,"href":"https:\/\/ventspils.citro.lv\/ru\/wp-json\/wp\/v2\/media\/1224961"}],"wp:attachment":[{"href":"https:\/\/ventspils.citro.lv\/ru\/wp-json\/wp\/v2\/media?parent=633487"}],"wp:term":[{"taxonomy":"product_cat","embeddable":true,"href":"https:\/\/ventspils.citro.lv\/ru\/wp-json\/wp\/v2\/product_cat?post=633487"},{"taxonomy":"product_tag","embeddable":true,"href":"https:\/\/ventspils.citro.lv\/ru\/wp-json\/wp\/v2\/product_tag?post=633487"}],"curies":[{"name":"wp","href":"https:\/\/api.w.org\/{rel}","templated":true}]}}