{"id":633211,"date":"2025-10-28T03:57:02","date_gmt":"2025-10-28T01:57:02","guid":{"rendered":"https:\/\/ventspils.citro.lv\/veikals\/caurulu-tirisanas-lidz-500g-kret-zeleja\/"},"modified":"2026-03-02T08:47:42","modified_gmt":"2026-03-02T06:47:42","slug":"caurulu-tirisanas-lidz-500g-kret-zeleja","status":"publish","type":"product","link":"https:\/\/ventspils.citro.lv\/ru\/veikals\/caurulu-tirisanas-lidz-500g-kret-zeleja\/","title":{"rendered":"Cauru\u013cu t\u012br\u012b\u0161anas l\u012bdz.500g Kret \u017eeleja"},"content":{"rendered":"","protected":false},"excerpt":{"rendered":"<p>9.98 \u20ac\/kg<\/p>\n","protected":false},"featured_media":1147516,"template":"","meta":{"_acf_changed":false,"inline_featured_image":false},"product_cat":[131,169],"product_tag":[],"acf":[],"aioseo_notices":[],"_links":{"self":[{"href":"https:\/\/ventspils.citro.lv\/ru\/wp-json\/wp\/v2\/product\/633211"}],"collection":[{"href":"https:\/\/ventspils.citro.lv\/ru\/wp-json\/wp\/v2\/product"}],"about":[{"href":"https:\/\/ventspils.citro.lv\/ru\/wp-json\/wp\/v2\/types\/product"}],"wp:featuredmedia":[{"embeddable":true,"href":"https:\/\/ventspils.citro.lv\/ru\/wp-json\/wp\/v2\/media\/1147516"}],"wp:attachment":[{"href":"https:\/\/ventspils.citro.lv\/ru\/wp-json\/wp\/v2\/media?parent=633211"}],"wp:term":[{"taxonomy":"product_cat","embeddable":true,"href":"https:\/\/ventspils.citro.lv\/ru\/wp-json\/wp\/v2\/product_cat?post=633211"},{"taxonomy":"product_tag","embeddable":true,"href":"https:\/\/ventspils.citro.lv\/ru\/wp-json\/wp\/v2\/product_tag?post=633211"}],"curies":[{"name":"wp","href":"https:\/\/api.w.org\/{rel}","templated":true}]}}