{"id":630,"date":"2026-04-24T06:51:42","date_gmt":"2026-04-24T03:51:42","guid":{"rendered":"http:\/\/cvent.dev.wmc.lv\/ventspils\/veikals\/papira-dvielis-grite-family-xl-1-rullis\/"},"modified":"2026-04-24T06:51:51","modified_gmt":"2026-04-24T03:51:51","slug":"papira-dvielis-grite-family-xxl-2slani-1rullis","status":"publish","type":"product","link":"https:\/\/ventspils.citro.lv\/ru\/veikals\/papira-dvielis-grite-family-xxl-2slani-1rullis\/","title":{"rendered":"Pap\u012bra dvielis Grite Family XXL 2sl\u0101\u0146i 1rullis"},"content":{"rendered":"","protected":false},"excerpt":{"rendered":"<p>2.89 \u20ac\/gb<\/p>\n","protected":false},"featured_media":1252138,"template":"","meta":{"_acf_changed":false,"inline_featured_image":false},"product_cat":[131,163],"product_tag":[],"acf":[],"aioseo_notices":[],"_links":{"self":[{"href":"https:\/\/ventspils.citro.lv\/ru\/wp-json\/wp\/v2\/product\/630"}],"collection":[{"href":"https:\/\/ventspils.citro.lv\/ru\/wp-json\/wp\/v2\/product"}],"about":[{"href":"https:\/\/ventspils.citro.lv\/ru\/wp-json\/wp\/v2\/types\/product"}],"wp:featuredmedia":[{"embeddable":true,"href":"https:\/\/ventspils.citro.lv\/ru\/wp-json\/wp\/v2\/media\/1252138"}],"wp:attachment":[{"href":"https:\/\/ventspils.citro.lv\/ru\/wp-json\/wp\/v2\/media?parent=630"}],"wp:term":[{"taxonomy":"product_cat","embeddable":true,"href":"https:\/\/ventspils.citro.lv\/ru\/wp-json\/wp\/v2\/product_cat?post=630"},{"taxonomy":"product_tag","embeddable":true,"href":"https:\/\/ventspils.citro.lv\/ru\/wp-json\/wp\/v2\/product_tag?post=630"}],"curies":[{"name":"wp","href":"https:\/\/api.w.org\/{rel}","templated":true}]}}