{"id":629,"date":"2026-01-28T03:21:03","date_gmt":"2026-01-28T01:21:03","guid":{"rendered":"http:\/\/cvent.dev.wmc.lv\/ventspils\/veikals\/udens-lasite-negazets-5-l\/"},"modified":"2026-04-24T07:54:20","modified_gmt":"2026-04-24T04:54:20","slug":"udens-dzeramais-lasite-negazets-5l","status":"publish","type":"product","link":"https:\/\/ventspils.citro.lv\/ru\/veikals\/udens-dzeramais-lasite-negazets-5l\/","title":{"rendered":"\u016adens dzeramais L\u0101s\u012bte neg\u0101z\u0113ts 5l"},"content":{"rendered":"","protected":false},"excerpt":{"rendered":"<p>0.15 \u20ac\/l<\/p>\n","protected":false},"featured_media":1198630,"template":"","meta":{"_acf_changed":false,"inline_featured_image":false},"product_cat":[106,186],"product_tag":[],"acf":[],"aioseo_notices":[],"_links":{"self":[{"href":"https:\/\/ventspils.citro.lv\/ru\/wp-json\/wp\/v2\/product\/629"}],"collection":[{"href":"https:\/\/ventspils.citro.lv\/ru\/wp-json\/wp\/v2\/product"}],"about":[{"href":"https:\/\/ventspils.citro.lv\/ru\/wp-json\/wp\/v2\/types\/product"}],"wp:featuredmedia":[{"embeddable":true,"href":"https:\/\/ventspils.citro.lv\/ru\/wp-json\/wp\/v2\/media\/1198630"}],"wp:attachment":[{"href":"https:\/\/ventspils.citro.lv\/ru\/wp-json\/wp\/v2\/media?parent=629"}],"wp:term":[{"taxonomy":"product_cat","embeddable":true,"href":"https:\/\/ventspils.citro.lv\/ru\/wp-json\/wp\/v2\/product_cat?post=629"},{"taxonomy":"product_tag","embeddable":true,"href":"https:\/\/ventspils.citro.lv\/ru\/wp-json\/wp\/v2\/product_tag?post=629"}],"curies":[{"name":"wp","href":"https:\/\/api.w.org\/{rel}","templated":true}]}}