{"id":628755,"date":"2026-04-10T08:33:24","date_gmt":"2026-04-10T05:33:24","guid":{"rendered":"https:\/\/ventspils.citro.lv\/veikals\/zemesrieskti-jega-kraukskiga-apvalka-ar-sipolu-garsu-200g\/"},"modified":"2026-04-10T08:33:34","modified_gmt":"2026-04-10T05:33:34","slug":"zemesrieskti-jega-kraukskiga-apvalka-ar-sipolu-garsu-200g","status":"publish","type":"product","link":"https:\/\/ventspils.citro.lv\/ru\/veikals\/zemesrieskti-jega-kraukskiga-apvalka-ar-sipolu-garsu-200g\/","title":{"rendered":"Zemesrieskti Jega krauk\u0161\u0137\u012bg\u0101 apvalk\u0101 ar s\u012bpolu gar\u0161u 200g"},"content":{"rendered":"","protected":false},"excerpt":{"rendered":"<p>7.95 \u20ac\/kg<\/p>\n","protected":false},"featured_media":1243938,"template":"","meta":{"_acf_changed":false,"inline_featured_image":false},"product_cat":[125,202],"product_tag":[],"acf":[],"aioseo_notices":[],"_links":{"self":[{"href":"https:\/\/ventspils.citro.lv\/ru\/wp-json\/wp\/v2\/product\/628755"}],"collection":[{"href":"https:\/\/ventspils.citro.lv\/ru\/wp-json\/wp\/v2\/product"}],"about":[{"href":"https:\/\/ventspils.citro.lv\/ru\/wp-json\/wp\/v2\/types\/product"}],"wp:featuredmedia":[{"embeddable":true,"href":"https:\/\/ventspils.citro.lv\/ru\/wp-json\/wp\/v2\/media\/1243938"}],"wp:attachment":[{"href":"https:\/\/ventspils.citro.lv\/ru\/wp-json\/wp\/v2\/media?parent=628755"}],"wp:term":[{"taxonomy":"product_cat","embeddable":true,"href":"https:\/\/ventspils.citro.lv\/ru\/wp-json\/wp\/v2\/product_cat?post=628755"},{"taxonomy":"product_tag","embeddable":true,"href":"https:\/\/ventspils.citro.lv\/ru\/wp-json\/wp\/v2\/product_tag?post=628755"}],"curies":[{"name":"wp","href":"https:\/\/api.w.org\/{rel}","templated":true}]}}