{"id":628684,"date":"2026-04-23T09:18:34","date_gmt":"2026-04-23T06:18:34","guid":{"rendered":"https:\/\/ventspils.citro.lv\/veikals\/bietes-rivetas-marinade-350g\/"},"modified":"2026-05-14T08:24:02","modified_gmt":"2026-05-14T05:24:02","slug":"bietes-rivetas-marinade-350g","status":"publish","type":"product","link":"https:\/\/ventspils.citro.lv\/ru\/veikals\/bietes-rivetas-marinade-350g\/","title":{"rendered":"Bietes r\u012bv\u0113tas marin\u0101d\u0113 350g"},"content":{"rendered":"","protected":false},"excerpt":{"rendered":"<p>2.83 \u20ac\/kg<\/p>\n","protected":false},"featured_media":1250559,"template":"","meta":{"_acf_changed":false,"inline_featured_image":false},"product_cat":[103,137],"product_tag":[],"acf":[],"aioseo_notices":[],"_links":{"self":[{"href":"https:\/\/ventspils.citro.lv\/ru\/wp-json\/wp\/v2\/product\/628684"}],"collection":[{"href":"https:\/\/ventspils.citro.lv\/ru\/wp-json\/wp\/v2\/product"}],"about":[{"href":"https:\/\/ventspils.citro.lv\/ru\/wp-json\/wp\/v2\/types\/product"}],"wp:featuredmedia":[{"embeddable":true,"href":"https:\/\/ventspils.citro.lv\/ru\/wp-json\/wp\/v2\/media\/1250559"}],"wp:attachment":[{"href":"https:\/\/ventspils.citro.lv\/ru\/wp-json\/wp\/v2\/media?parent=628684"}],"wp:term":[{"taxonomy":"product_cat","embeddable":true,"href":"https:\/\/ventspils.citro.lv\/ru\/wp-json\/wp\/v2\/product_cat?post=628684"},{"taxonomy":"product_tag","embeddable":true,"href":"https:\/\/ventspils.citro.lv\/ru\/wp-json\/wp\/v2\/product_tag?post=628684"}],"curies":[{"name":"wp","href":"https:\/\/api.w.org\/{rel}","templated":true}]}}