{"id":62868,"date":"2026-05-13T01:21:59","date_gmt":"2026-05-12T22:21:59","guid":{"rendered":"https:\/\/ventspils.citro.lv\/veikals\/nujinas-surini-ar-krabju-garsu-smart-choice-250g\/"},"modified":"2026-05-13T11:32:03","modified_gmt":"2026-05-13T08:32:03","slug":"nujinas-surimi-ar-krabju-garsu-smart-choice-250g","status":"publish","type":"product","link":"https:\/\/ventspils.citro.lv\/ru\/veikals\/nujinas-surimi-ar-krabju-garsu-smart-choice-250g\/","title":{"rendered":"N\u016bji\u0146as Surimi ar krabju gar\u0161u Smart Choice 250g"},"content":{"rendered":"","protected":false},"excerpt":{"rendered":"<p>7.00 \u20ac\/kg<\/p>\n","protected":false},"featured_media":1260277,"template":"","meta":{"_acf_changed":false,"inline_featured_image":false},"product_cat":[554,135],"product_tag":[],"acf":[],"aioseo_notices":[],"_links":{"self":[{"href":"https:\/\/ventspils.citro.lv\/ru\/wp-json\/wp\/v2\/product\/62868"}],"collection":[{"href":"https:\/\/ventspils.citro.lv\/ru\/wp-json\/wp\/v2\/product"}],"about":[{"href":"https:\/\/ventspils.citro.lv\/ru\/wp-json\/wp\/v2\/types\/product"}],"wp:featuredmedia":[{"embeddable":true,"href":"https:\/\/ventspils.citro.lv\/ru\/wp-json\/wp\/v2\/media\/1260277"}],"wp:attachment":[{"href":"https:\/\/ventspils.citro.lv\/ru\/wp-json\/wp\/v2\/media?parent=62868"}],"wp:term":[{"taxonomy":"product_cat","embeddable":true,"href":"https:\/\/ventspils.citro.lv\/ru\/wp-json\/wp\/v2\/product_cat?post=62868"},{"taxonomy":"product_tag","embeddable":true,"href":"https:\/\/ventspils.citro.lv\/ru\/wp-json\/wp\/v2\/product_tag?post=62868"}],"curies":[{"name":"wp","href":"https:\/\/api.w.org\/{rel}","templated":true}]}}