{"id":628473,"date":"2026-04-10T05:33:14","date_gmt":"2026-04-10T02:33:14","guid":{"rendered":"https:\/\/ventspils.citro.lv\/veikals\/cisini-mini-ekspress\/"},"modified":"2026-04-10T05:33:19","modified_gmt":"2026-04-10T02:33:19","slug":"cisini-mini-ekspress","status":"publish","type":"product","link":"https:\/\/ventspils.citro.lv\/ru\/veikals\/cisini-mini-ekspress\/","title":{"rendered":"C\u012bsi\u0146i  mini Ekspress"},"content":{"rendered":"<p>Sast\u0101vda\u013cas: ga\u013ca (c\u016bkga\u013ca, c\u0101\u013ca ga\u013ca, c\u016bku spe\u0137is), \u016bdens, meh\u0101niski atdal\u012bta c\u0101\u013ca ga\u013ca, modific\u0113ta ciete, piena s\u016bkalas, s\u0101ls, konservants E250, c\u016bku asins plazma, stabiliz\u0113t\u0101ji E451, E412, dekstroze, gar\u0161as pastiprin\u0101t\u0101js E621, gar\u0161vielu ekstrakti, antioksidants E316. Produkts var satur\u0113t sinepju un sojas da\u013ci\u0146as. C\u016bkga\u013cas un c\u0101\u013cu ga\u013cas izcelsme ES. 100g produkta stur: eneeer\u0123\u0113tisk\u0101 v\u0113rt\u012bba 1043,7kJ\/249kcal, tauki 21,8g, tostarp pies\u0101tin\u0101t\u0101s tauksk\u0101bes 7g, og\u013chidr\u0101ti 1,6g, tostarp cukuri 0,1g, olbaltumvielas 11,4g, s\u0101ls 1,6g. Uzglab\u0101\u0161anas temperat\u016bra: +2&#8230;+6C.<\/p>\n","protected":false},"excerpt":{"rendered":"<p>4.49 \u20ac\/kg<\/p>\n","protected":false},"featured_media":1243132,"template":"","meta":{"_acf_changed":false,"inline_featured_image":false},"product_cat":[135,192],"product_tag":[],"acf":[],"aioseo_notices":[],"_links":{"self":[{"href":"https:\/\/ventspils.citro.lv\/ru\/wp-json\/wp\/v2\/product\/628473"}],"collection":[{"href":"https:\/\/ventspils.citro.lv\/ru\/wp-json\/wp\/v2\/product"}],"about":[{"href":"https:\/\/ventspils.citro.lv\/ru\/wp-json\/wp\/v2\/types\/product"}],"wp:featuredmedia":[{"embeddable":true,"href":"https:\/\/ventspils.citro.lv\/ru\/wp-json\/wp\/v2\/media\/1243132"}],"wp:attachment":[{"href":"https:\/\/ventspils.citro.lv\/ru\/wp-json\/wp\/v2\/media?parent=628473"}],"wp:term":[{"taxonomy":"product_cat","embeddable":true,"href":"https:\/\/ventspils.citro.lv\/ru\/wp-json\/wp\/v2\/product_cat?post=628473"},{"taxonomy":"product_tag","embeddable":true,"href":"https:\/\/ventspils.citro.lv\/ru\/wp-json\/wp\/v2\/product_tag?post=628473"}],"curies":[{"name":"wp","href":"https:\/\/api.w.org\/{rel}","templated":true}]}}