{"id":627,"date":"2026-05-08T02:12:39","date_gmt":"2026-05-07T23:12:39","guid":{"rendered":"http:\/\/cvent.dev.wmc.lv\/ventspils\/veikals\/cipsi-pringles-ar-krejumu-un-sipoliem-165-g-celebration-q4\/"},"modified":"2026-05-08T02:12:49","modified_gmt":"2026-05-07T23:12:49","slug":"cipsi-pringles-ar-krejumu-un-sipoliem-165g-2","status":"publish","type":"product","link":"https:\/\/ventspils.citro.lv\/ru\/veikals\/cipsi-pringles-ar-krejumu-un-sipoliem-165g-2\/","title":{"rendered":"\u010cipsi Pringles ar kr\u0113jumu un s\u012bpoliem 165g"},"content":{"rendered":"","protected":false},"excerpt":{"rendered":"<p>13.88 \u20ac\/kg<\/p>\n","protected":false},"featured_media":1257408,"template":"","meta":{"_acf_changed":false,"inline_featured_image":false},"product_cat":[125,191],"product_tag":[],"acf":[],"aioseo_notices":[],"_links":{"self":[{"href":"https:\/\/ventspils.citro.lv\/ru\/wp-json\/wp\/v2\/product\/627"}],"collection":[{"href":"https:\/\/ventspils.citro.lv\/ru\/wp-json\/wp\/v2\/product"}],"about":[{"href":"https:\/\/ventspils.citro.lv\/ru\/wp-json\/wp\/v2\/types\/product"}],"wp:featuredmedia":[{"embeddable":true,"href":"https:\/\/ventspils.citro.lv\/ru\/wp-json\/wp\/v2\/media\/1257408"}],"wp:attachment":[{"href":"https:\/\/ventspils.citro.lv\/ru\/wp-json\/wp\/v2\/media?parent=627"}],"wp:term":[{"taxonomy":"product_cat","embeddable":true,"href":"https:\/\/ventspils.citro.lv\/ru\/wp-json\/wp\/v2\/product_cat?post=627"},{"taxonomy":"product_tag","embeddable":true,"href":"https:\/\/ventspils.citro.lv\/ru\/wp-json\/wp\/v2\/product_tag?post=627"}],"curies":[{"name":"wp","href":"https:\/\/api.w.org\/{rel}","templated":true}]}}