{"id":625,"date":"2026-04-28T03:03:54","date_gmt":"2026-04-28T00:03:54","guid":{"rendered":"http:\/\/cvent.dev.wmc.lv\/ventspils\/veikals\/cisini-mini-ekspress-variti-450g-forevers\/"},"modified":"2026-05-04T10:13:54","modified_gmt":"2026-05-04T07:13:54","slug":"cisini-mini-ekspress-variti-forevers-450g","status":"publish","type":"product","link":"https:\/\/ventspils.citro.lv\/ru\/veikals\/cisini-mini-ekspress-variti-forevers-450g\/","title":{"rendered":"C\u012bsi\u0146i mini Ekspress v\u0101r\u012bti Forevers 450g"},"content":{"rendered":"","protected":false},"excerpt":{"rendered":"<p>7.22 \u20ac\/kg<\/p>\n","protected":false},"featured_media":1254229,"template":"","meta":{"_acf_changed":false,"inline_featured_image":false},"product_cat":[135,192],"product_tag":[],"acf":[],"aioseo_notices":[],"_links":{"self":[{"href":"https:\/\/ventspils.citro.lv\/ru\/wp-json\/wp\/v2\/product\/625"}],"collection":[{"href":"https:\/\/ventspils.citro.lv\/ru\/wp-json\/wp\/v2\/product"}],"about":[{"href":"https:\/\/ventspils.citro.lv\/ru\/wp-json\/wp\/v2\/types\/product"}],"wp:featuredmedia":[{"embeddable":true,"href":"https:\/\/ventspils.citro.lv\/ru\/wp-json\/wp\/v2\/media\/1254229"}],"wp:attachment":[{"href":"https:\/\/ventspils.citro.lv\/ru\/wp-json\/wp\/v2\/media?parent=625"}],"wp:term":[{"taxonomy":"product_cat","embeddable":true,"href":"https:\/\/ventspils.citro.lv\/ru\/wp-json\/wp\/v2\/product_cat?post=625"},{"taxonomy":"product_tag","embeddable":true,"href":"https:\/\/ventspils.citro.lv\/ru\/wp-json\/wp\/v2\/product_tag?post=625"}],"curies":[{"name":"wp","href":"https:\/\/api.w.org\/{rel}","templated":true}]}}