{"id":624323,"date":"2026-03-27T10:27:59","date_gmt":"2026-03-27T08:27:59","guid":{"rendered":"https:\/\/ventspils.citro.lv\/veikals\/dzeramais-udens-zakumuiza-gazets-15l\/"},"modified":"2026-03-30T11:48:09","modified_gmt":"2026-03-30T08:48:09","slug":"mineraludens-dabigs-zakumuiza-negazets-1-5l","status":"publish","type":"product","link":"https:\/\/ventspils.citro.lv\/ru\/veikals\/mineraludens-dabigs-zakumuiza-negazets-1-5l\/","title":{"rendered":"Miner\u0101l\u016bdens dab\u012bgs Za\u0137umui\u017ea neg\u0101z\u0113ts 1.5l"},"content":{"rendered":"","protected":false},"excerpt":{"rendered":"<p>0.53 \u20ac\/l<\/p>\n","protected":false},"featured_media":1236567,"template":"","meta":{"_acf_changed":false,"inline_featured_image":false},"product_cat":[106,186],"product_tag":[],"acf":[],"aioseo_notices":[],"_links":{"self":[{"href":"https:\/\/ventspils.citro.lv\/ru\/wp-json\/wp\/v2\/product\/624323"}],"collection":[{"href":"https:\/\/ventspils.citro.lv\/ru\/wp-json\/wp\/v2\/product"}],"about":[{"href":"https:\/\/ventspils.citro.lv\/ru\/wp-json\/wp\/v2\/types\/product"}],"wp:featuredmedia":[{"embeddable":true,"href":"https:\/\/ventspils.citro.lv\/ru\/wp-json\/wp\/v2\/media\/1236567"}],"wp:attachment":[{"href":"https:\/\/ventspils.citro.lv\/ru\/wp-json\/wp\/v2\/media?parent=624323"}],"wp:term":[{"taxonomy":"product_cat","embeddable":true,"href":"https:\/\/ventspils.citro.lv\/ru\/wp-json\/wp\/v2\/product_cat?post=624323"},{"taxonomy":"product_tag","embeddable":true,"href":"https:\/\/ventspils.citro.lv\/ru\/wp-json\/wp\/v2\/product_tag?post=624323"}],"curies":[{"name":"wp","href":"https:\/\/api.w.org\/{rel}","templated":true}]}}