{"id":623713,"date":"2026-02-18T02:18:38","date_gmt":"2026-02-18T00:18:38","guid":{"rendered":"https:\/\/ventspils.citro.lv\/veikals\/papirs-piezimju-8-5x8-5-krasains\/"},"modified":"2026-02-18T02:18:43","modified_gmt":"2026-02-18T00:18:43","slug":"papirs-piezimju-8-5x8-5-krasains","status":"publish","type":"product","link":"https:\/\/ventspils.citro.lv\/ru\/veikals\/papirs-piezimju-8-5x8-5-krasains\/","title":{"rendered":"Pap\u012brs piez\u012bmju 8.5&#215;8.5 kr\u0101sains"},"content":{"rendered":"","protected":false},"excerpt":{"rendered":"<p>3.79 \u20ac\/gb<\/p>\n","protected":false},"featured_media":1210915,"template":"","meta":{"_acf_changed":false,"inline_featured_image":false},"product_cat":[131,198],"product_tag":[],"acf":[],"aioseo_notices":[],"_links":{"self":[{"href":"https:\/\/ventspils.citro.lv\/ru\/wp-json\/wp\/v2\/product\/623713"}],"collection":[{"href":"https:\/\/ventspils.citro.lv\/ru\/wp-json\/wp\/v2\/product"}],"about":[{"href":"https:\/\/ventspils.citro.lv\/ru\/wp-json\/wp\/v2\/types\/product"}],"wp:featuredmedia":[{"embeddable":true,"href":"https:\/\/ventspils.citro.lv\/ru\/wp-json\/wp\/v2\/media\/1210915"}],"wp:attachment":[{"href":"https:\/\/ventspils.citro.lv\/ru\/wp-json\/wp\/v2\/media?parent=623713"}],"wp:term":[{"taxonomy":"product_cat","embeddable":true,"href":"https:\/\/ventspils.citro.lv\/ru\/wp-json\/wp\/v2\/product_cat?post=623713"},{"taxonomy":"product_tag","embeddable":true,"href":"https:\/\/ventspils.citro.lv\/ru\/wp-json\/wp\/v2\/product_tag?post=623713"}],"curies":[{"name":"wp","href":"https:\/\/api.w.org\/{rel}","templated":true}]}}