{"id":623505,"date":"2026-02-18T02:03:57","date_gmt":"2026-02-18T00:03:57","guid":{"rendered":"https:\/\/ventspils.citro.lv\/veikals\/papirs-aplikaciju-a4-8krasas-divpusejs\/"},"modified":"2026-02-18T02:04:05","modified_gmt":"2026-02-18T00:04:05","slug":"papirs-aplikaciju-a4-8krasas-divpusejs","status":"publish","type":"product","link":"https:\/\/ventspils.citro.lv\/ru\/veikals\/papirs-aplikaciju-a4-8krasas-divpusejs\/","title":{"rendered":"Pap\u012brs aplik\u0101ciju A4 8kr\u0101sas divpus\u0113js"},"content":{"rendered":"","protected":false},"excerpt":{"rendered":"<p>0.89 \u20ac\/gb<\/p>\n","protected":false},"featured_media":1210872,"template":"","meta":{"_acf_changed":false,"inline_featured_image":false},"product_cat":[131,198],"product_tag":[],"acf":[],"aioseo_notices":[],"_links":{"self":[{"href":"https:\/\/ventspils.citro.lv\/ru\/wp-json\/wp\/v2\/product\/623505"}],"collection":[{"href":"https:\/\/ventspils.citro.lv\/ru\/wp-json\/wp\/v2\/product"}],"about":[{"href":"https:\/\/ventspils.citro.lv\/ru\/wp-json\/wp\/v2\/types\/product"}],"wp:featuredmedia":[{"embeddable":true,"href":"https:\/\/ventspils.citro.lv\/ru\/wp-json\/wp\/v2\/media\/1210872"}],"wp:attachment":[{"href":"https:\/\/ventspils.citro.lv\/ru\/wp-json\/wp\/v2\/media?parent=623505"}],"wp:term":[{"taxonomy":"product_cat","embeddable":true,"href":"https:\/\/ventspils.citro.lv\/ru\/wp-json\/wp\/v2\/product_cat?post=623505"},{"taxonomy":"product_tag","embeddable":true,"href":"https:\/\/ventspils.citro.lv\/ru\/wp-json\/wp\/v2\/product_tag?post=623505"}],"curies":[{"name":"wp","href":"https:\/\/api.w.org\/{rel}","templated":true}]}}