{"id":621216,"date":"2026-02-18T02:48:02","date_gmt":"2026-02-18T00:48:02","guid":{"rendered":"https:\/\/ventspils.citro.lv\/veikals\/dzesgumija-44x15x15mm-berlingo-radiance-trisskaldnu\/"},"modified":"2026-02-18T02:48:13","modified_gmt":"2026-02-18T00:48:13","slug":"dzesgumija-44x15x15mm-trisskaldnu-berlingo-radiance","status":"publish","type":"product","link":"https:\/\/ventspils.citro.lv\/ru\/veikals\/dzesgumija-44x15x15mm-trisskaldnu-berlingo-radiance\/","title":{"rendered":"Dz\u0113\u0161gumija 44x15x15mm tr\u012bsskald\u0146u Berlingo Radiance"},"content":{"rendered":"","protected":false},"excerpt":{"rendered":"<p>0.55 \u20ac\/gb<\/p>\n","protected":false},"featured_media":1211035,"template":"","meta":{"_acf_changed":false,"inline_featured_image":false},"product_cat":[131,198],"product_tag":[],"acf":[],"aioseo_notices":[],"_links":{"self":[{"href":"https:\/\/ventspils.citro.lv\/ru\/wp-json\/wp\/v2\/product\/621216"}],"collection":[{"href":"https:\/\/ventspils.citro.lv\/ru\/wp-json\/wp\/v2\/product"}],"about":[{"href":"https:\/\/ventspils.citro.lv\/ru\/wp-json\/wp\/v2\/types\/product"}],"wp:featuredmedia":[{"embeddable":true,"href":"https:\/\/ventspils.citro.lv\/ru\/wp-json\/wp\/v2\/media\/1211035"}],"wp:attachment":[{"href":"https:\/\/ventspils.citro.lv\/ru\/wp-json\/wp\/v2\/media?parent=621216"}],"wp:term":[{"taxonomy":"product_cat","embeddable":true,"href":"https:\/\/ventspils.citro.lv\/ru\/wp-json\/wp\/v2\/product_cat?post=621216"},{"taxonomy":"product_tag","embeddable":true,"href":"https:\/\/ventspils.citro.lv\/ru\/wp-json\/wp\/v2\/product_tag?post=621216"}],"curies":[{"name":"wp","href":"https:\/\/api.w.org\/{rel}","templated":true}]}}