{"id":621205,"date":"2026-03-27T10:27:25","date_gmt":"2026-03-27T08:27:25","guid":{"rendered":"https:\/\/ventspils.citro.lv\/veikals\/bariba-pieaugusiem-suniem-pedigree-ar-vistu-un-darzeniem-500\/"},"modified":"2026-03-27T10:27:29","modified_gmt":"2026-03-27T08:27:29","slug":"bariba-suniem-pedigree-ar-vistu-un-darzeniem-500g","status":"publish","type":"product","link":"https:\/\/ventspils.citro.lv\/ru\/veikals\/bariba-suniem-pedigree-ar-vistu-un-darzeniem-500g\/","title":{"rendered":"Bar\u012bba su\u0146iem Pedigree ar vistu un d\u0101rze\u0146iem 500g"},"content":{"rendered":"","protected":false},"excerpt":{"rendered":"<p>4.18 \u20ac\/kg<\/p>\n","protected":false},"featured_media":1236560,"template":"","meta":{"_acf_changed":false,"inline_featured_image":false},"product_cat":[153,171],"product_tag":[],"acf":[],"aioseo_notices":[],"_links":{"self":[{"href":"https:\/\/ventspils.citro.lv\/ru\/wp-json\/wp\/v2\/product\/621205"}],"collection":[{"href":"https:\/\/ventspils.citro.lv\/ru\/wp-json\/wp\/v2\/product"}],"about":[{"href":"https:\/\/ventspils.citro.lv\/ru\/wp-json\/wp\/v2\/types\/product"}],"wp:featuredmedia":[{"embeddable":true,"href":"https:\/\/ventspils.citro.lv\/ru\/wp-json\/wp\/v2\/media\/1236560"}],"wp:attachment":[{"href":"https:\/\/ventspils.citro.lv\/ru\/wp-json\/wp\/v2\/media?parent=621205"}],"wp:term":[{"taxonomy":"product_cat","embeddable":true,"href":"https:\/\/ventspils.citro.lv\/ru\/wp-json\/wp\/v2\/product_cat?post=621205"},{"taxonomy":"product_tag","embeddable":true,"href":"https:\/\/ventspils.citro.lv\/ru\/wp-json\/wp\/v2\/product_tag?post=621205"}],"curies":[{"name":"wp","href":"https:\/\/api.w.org\/{rel}","templated":true}]}}