{"id":621172,"date":"2026-04-25T01:27:20","date_gmt":"2026-04-24T22:27:20","guid":{"rendered":"https:\/\/ventspils.citro.lv\/veikals\/persiku-pusites-sirupa-gemoss-collection-850ml-480g\/"},"modified":"2026-05-07T21:45:49","modified_gmt":"2026-05-07T18:45:49","slug":"persiku-pusites-sirupa-gemoss-collection-820ml-470g","status":"publish","type":"product","link":"https:\/\/ventspils.citro.lv\/ru\/veikals\/persiku-pusites-sirupa-gemoss-collection-820ml-470g\/","title":{"rendered":"Persiku pus\u012btes s\u012brup\u0101 Gemoss Collection 820ml\/470g"},"content":{"rendered":"","protected":false},"excerpt":{"rendered":"<p>6.79 \u20ac\/kg<\/p>\n","protected":false},"featured_media":1253642,"template":"","meta":{"_acf_changed":false,"inline_featured_image":false},"product_cat":[103,193],"product_tag":[],"acf":[],"aioseo_notices":[],"_links":{"self":[{"href":"https:\/\/ventspils.citro.lv\/ru\/wp-json\/wp\/v2\/product\/621172"}],"collection":[{"href":"https:\/\/ventspils.citro.lv\/ru\/wp-json\/wp\/v2\/product"}],"about":[{"href":"https:\/\/ventspils.citro.lv\/ru\/wp-json\/wp\/v2\/types\/product"}],"wp:featuredmedia":[{"embeddable":true,"href":"https:\/\/ventspils.citro.lv\/ru\/wp-json\/wp\/v2\/media\/1253642"}],"wp:attachment":[{"href":"https:\/\/ventspils.citro.lv\/ru\/wp-json\/wp\/v2\/media?parent=621172"}],"wp:term":[{"taxonomy":"product_cat","embeddable":true,"href":"https:\/\/ventspils.citro.lv\/ru\/wp-json\/wp\/v2\/product_cat?post=621172"},{"taxonomy":"product_tag","embeddable":true,"href":"https:\/\/ventspils.citro.lv\/ru\/wp-json\/wp\/v2\/product_tag?post=621172"}],"curies":[{"name":"wp","href":"https:\/\/api.w.org\/{rel}","templated":true}]}}