{"id":616,"date":"2026-04-22T03:18:49","date_gmt":"2026-04-22T00:18:49","guid":{"rendered":"http:\/\/cvent.dev.wmc.lv\/ventspils\/veikals\/nujinas-surimi-ar-krabju-garsu-dzesetas-300g-vici\/"},"modified":"2026-04-22T03:18:59","modified_gmt":"2026-04-22T00:18:59","slug":"surimi-nujinas-ar-krabju-garsu-dzesetas-vici-300g","status":"publish","type":"product","link":"https:\/\/ventspils.citro.lv\/ru\/veikals\/surimi-nujinas-ar-krabju-garsu-dzesetas-vici-300g\/","title":{"rendered":"Surimi n\u016bji\u0146as ar krabju gar\u0161u dzes\u0113tas Vi\u010di 300g"},"content":{"rendered":"","protected":false},"excerpt":{"rendered":"<p>12.30 \u20ac\/kg<\/p>\n","protected":false},"featured_media":1247797,"template":"","meta":{"_acf_changed":false,"inline_featured_image":false},"product_cat":[554,135],"product_tag":[],"acf":[],"aioseo_notices":[],"_links":{"self":[{"href":"https:\/\/ventspils.citro.lv\/ru\/wp-json\/wp\/v2\/product\/616"}],"collection":[{"href":"https:\/\/ventspils.citro.lv\/ru\/wp-json\/wp\/v2\/product"}],"about":[{"href":"https:\/\/ventspils.citro.lv\/ru\/wp-json\/wp\/v2\/types\/product"}],"wp:featuredmedia":[{"embeddable":true,"href":"https:\/\/ventspils.citro.lv\/ru\/wp-json\/wp\/v2\/media\/1247797"}],"wp:attachment":[{"href":"https:\/\/ventspils.citro.lv\/ru\/wp-json\/wp\/v2\/media?parent=616"}],"wp:term":[{"taxonomy":"product_cat","embeddable":true,"href":"https:\/\/ventspils.citro.lv\/ru\/wp-json\/wp\/v2\/product_cat?post=616"},{"taxonomy":"product_tag","embeddable":true,"href":"https:\/\/ventspils.citro.lv\/ru\/wp-json\/wp\/v2\/product_tag?post=616"}],"curies":[{"name":"wp","href":"https:\/\/api.w.org\/{rel}","templated":true}]}}