{"id":615,"date":"2026-04-28T02:27:13","date_gmt":"2026-04-27T23:27:13","guid":{"rendered":"http:\/\/cvent.dev.wmc.lv\/ventspils\/veikals\/gala-piradziniem-kubicinos-350g-rgk\/"},"modified":"2026-04-28T02:27:25","modified_gmt":"2026-04-27T23:27:25","slug":"gala-piradzinu-kubinos-350g","status":"publish","type":"product","link":"https:\/\/ventspils.citro.lv\/ru\/veikals\/gala-piradzinu-kubinos-350g\/","title":{"rendered":"Ga\u013ca p\u012br\u0101dzi\u0146u kubi\u0146os 350g"},"content":{"rendered":"","protected":false},"excerpt":{"rendered":"<p>7.40 \u20ac\/kg<\/p>\n","protected":false},"featured_media":1254063,"template":"","meta":{"_acf_changed":false,"inline_featured_image":false},"product_cat":[135,174],"product_tag":[],"acf":[],"aioseo_notices":[],"_links":{"self":[{"href":"https:\/\/ventspils.citro.lv\/ru\/wp-json\/wp\/v2\/product\/615"}],"collection":[{"href":"https:\/\/ventspils.citro.lv\/ru\/wp-json\/wp\/v2\/product"}],"about":[{"href":"https:\/\/ventspils.citro.lv\/ru\/wp-json\/wp\/v2\/types\/product"}],"wp:featuredmedia":[{"embeddable":true,"href":"https:\/\/ventspils.citro.lv\/ru\/wp-json\/wp\/v2\/media\/1254063"}],"wp:attachment":[{"href":"https:\/\/ventspils.citro.lv\/ru\/wp-json\/wp\/v2\/media?parent=615"}],"wp:term":[{"taxonomy":"product_cat","embeddable":true,"href":"https:\/\/ventspils.citro.lv\/ru\/wp-json\/wp\/v2\/product_cat?post=615"},{"taxonomy":"product_tag","embeddable":true,"href":"https:\/\/ventspils.citro.lv\/ru\/wp-json\/wp\/v2\/product_tag?post=615"}],"curies":[{"name":"wp","href":"https:\/\/api.w.org\/{rel}","templated":true}]}}