{"id":610867,"date":"2025-11-20T04:24:58","date_gmt":"2025-11-20T02:24:58","guid":{"rendered":"https:\/\/ventspils.citro.lv\/veikals\/konfektes-karamele-citronu-sver\/"},"modified":"2025-11-20T04:25:09","modified_gmt":"2025-11-20T02:25:09","slug":"konfektes-karamele-citronu-sver","status":"publish","type":"product","link":"https:\/\/ventspils.citro.lv\/ru\/veikals\/konfektes-karamele-citronu-sver\/","title":{"rendered":"Konfektes karamele citronu sver."},"content":{"rendered":"<p>Sast\u0101vda\u013cas: cukurs, cietes s\u012brups, \u0101bolu biezenis, citrusaug\u013cu biezenis, sk\u0101buma regul\u0113t\u0101ji &#8212; citronsk\u0101be, piensk\u0101be, kakao pulveris, aromatiz\u0113t\u0101js &#171;Citrons&#187;, kr\u0101sviela E100. 100g produkta uzturv\u0113rt\u012bba: olbaltumvielas 0g, og\u013chidr\u0101ti 92,4g, tauki 0g. 100g produkta ener\u0123\u0113tisk\u0101 v\u0113rt\u012bba 1539kJ\/368kcal. Uzglab\u0101t 18_3C.<\/p>\n","protected":false},"excerpt":{"rendered":"<p>4.29 \u20ac\/kg<\/p>\n","protected":false},"featured_media":1161444,"template":"","meta":{"_acf_changed":false,"inline_featured_image":false},"product_cat":[533,125],"product_tag":[],"acf":[],"aioseo_notices":[],"_links":{"self":[{"href":"https:\/\/ventspils.citro.lv\/ru\/wp-json\/wp\/v2\/product\/610867"}],"collection":[{"href":"https:\/\/ventspils.citro.lv\/ru\/wp-json\/wp\/v2\/product"}],"about":[{"href":"https:\/\/ventspils.citro.lv\/ru\/wp-json\/wp\/v2\/types\/product"}],"wp:featuredmedia":[{"embeddable":true,"href":"https:\/\/ventspils.citro.lv\/ru\/wp-json\/wp\/v2\/media\/1161444"}],"wp:attachment":[{"href":"https:\/\/ventspils.citro.lv\/ru\/wp-json\/wp\/v2\/media?parent=610867"}],"wp:term":[{"taxonomy":"product_cat","embeddable":true,"href":"https:\/\/ventspils.citro.lv\/ru\/wp-json\/wp\/v2\/product_cat?post=610867"},{"taxonomy":"product_tag","embeddable":true,"href":"https:\/\/ventspils.citro.lv\/ru\/wp-json\/wp\/v2\/product_tag?post=610867"}],"curies":[{"name":"wp","href":"https:\/\/api.w.org\/{rel}","templated":true}]}}