{"id":610861,"date":"2026-04-08T05:33:28","date_gmt":"2026-04-08T02:33:28","guid":{"rendered":"https:\/\/ventspils.citro.lv\/veikals\/sokolades-batonins-gangster-100g\/"},"modified":"2026-04-08T05:33:34","modified_gmt":"2026-04-08T02:33:34","slug":"sokolades-batonins-gangster-100g","status":"publish","type":"product","link":"https:\/\/ventspils.citro.lv\/ru\/veikals\/sokolades-batonins-gangster-100g\/","title":{"rendered":"\u0160okol\u0101des batoni\u0146\u0161 Gangster 100g"},"content":{"rendered":"","protected":false},"excerpt":{"rendered":"<p>12.50 \u20ac\/kg<\/p>\n","protected":false},"featured_media":1241188,"template":"","meta":{"_acf_changed":false,"inline_featured_image":false},"product_cat":[556,125],"product_tag":[],"acf":[],"aioseo_notices":[],"_links":{"self":[{"href":"https:\/\/ventspils.citro.lv\/ru\/wp-json\/wp\/v2\/product\/610861"}],"collection":[{"href":"https:\/\/ventspils.citro.lv\/ru\/wp-json\/wp\/v2\/product"}],"about":[{"href":"https:\/\/ventspils.citro.lv\/ru\/wp-json\/wp\/v2\/types\/product"}],"wp:featuredmedia":[{"embeddable":true,"href":"https:\/\/ventspils.citro.lv\/ru\/wp-json\/wp\/v2\/media\/1241188"}],"wp:attachment":[{"href":"https:\/\/ventspils.citro.lv\/ru\/wp-json\/wp\/v2\/media?parent=610861"}],"wp:term":[{"taxonomy":"product_cat","embeddable":true,"href":"https:\/\/ventspils.citro.lv\/ru\/wp-json\/wp\/v2\/product_cat?post=610861"},{"taxonomy":"product_tag","embeddable":true,"href":"https:\/\/ventspils.citro.lv\/ru\/wp-json\/wp\/v2\/product_tag?post=610861"}],"curies":[{"name":"wp","href":"https:\/\/api.w.org\/{rel}","templated":true}]}}