{"id":610859,"date":"2026-03-27T10:27:03","date_gmt":"2026-03-27T08:27:03","guid":{"rendered":"https:\/\/ventspils.citro.lv\/veikals\/karamele-jednosc-si-bon-ar-auglu-garsu-sver\/"},"modified":"2026-03-27T10:27:07","modified_gmt":"2026-03-27T08:27:07","slug":"karamele-jednosc-si-bon-ar-auglu-garsu-sver","status":"publish","type":"product","link":"https:\/\/ventspils.citro.lv\/ru\/veikals\/karamele-jednosc-si-bon-ar-auglu-garsu-sver\/","title":{"rendered":"Karamele Jednosc Si Bon ar aug\u013cu gar\u0161u sver."},"content":{"rendered":"<p>Sast\u0101vda\u013cas: glikozes s\u012brups, cukurs, sk\u0101be: piensk\u0101be; aromatiz\u0113t\u0101ji,   kr\u0101sviela: paprikas ekstrakts; burk\u0101nu koncentr\u0101ts; sulu koncentr\u0101ti 0,05%   (citronu, apels\u012bnu, zeme\u0146u, \u0101bolu); kr\u0101svielas: E 100, E160a, E141.  Var satur\u0113t sezama s\u0113klas, pienu, olas, lazdu riekstus, zemesriekstus,   mande\u013cu riekstus. Uzturv\u0113rt\u012bba 100 g: ener\u0123\u0113tisk\u0101 v\u0113rt\u012bba 1655 kJ\/ 391 kcal,   tauki 0 g, tostarp pies\u0101tin\u0101t\u0101s tauksk\u0101bes 0 g, og\u013chidr\u0101ti 97 g,   tostarp cukuri 75 g, olbaltumvielas 0 g, s\u0101ls 0 g.  Ieteicams l\u012bdz\/partijas nr.: sk. uz iepakojuma.  Uzglab\u0101t saus\u0101, v\u0113s\u0101 viet\u0101. Sarg\u0101t no karstuma un mitruma.<\/p>\n","protected":false},"excerpt":{"rendered":"<p>4.79 \u20ac\/kg<\/p>\n","protected":false},"featured_media":1236556,"template":"","meta":{"_acf_changed":false,"inline_featured_image":false},"product_cat":[533,125],"product_tag":[],"acf":[],"aioseo_notices":[],"_links":{"self":[{"href":"https:\/\/ventspils.citro.lv\/ru\/wp-json\/wp\/v2\/product\/610859"}],"collection":[{"href":"https:\/\/ventspils.citro.lv\/ru\/wp-json\/wp\/v2\/product"}],"about":[{"href":"https:\/\/ventspils.citro.lv\/ru\/wp-json\/wp\/v2\/types\/product"}],"wp:featuredmedia":[{"embeddable":true,"href":"https:\/\/ventspils.citro.lv\/ru\/wp-json\/wp\/v2\/media\/1236556"}],"wp:attachment":[{"href":"https:\/\/ventspils.citro.lv\/ru\/wp-json\/wp\/v2\/media?parent=610859"}],"wp:term":[{"taxonomy":"product_cat","embeddable":true,"href":"https:\/\/ventspils.citro.lv\/ru\/wp-json\/wp\/v2\/product_cat?post=610859"},{"taxonomy":"product_tag","embeddable":true,"href":"https:\/\/ventspils.citro.lv\/ru\/wp-json\/wp\/v2\/product_tag?post=610859"}],"curies":[{"name":"wp","href":"https:\/\/api.w.org\/{rel}","templated":true}]}}