{"id":610813,"date":"2026-02-24T02:33:13","date_gmt":"2026-02-24T00:33:13","guid":{"rendered":"https:\/\/ventspils.citro.lv\/veikals\/sviestmaize-ar-skinki-un-sieru-180-g\/"},"modified":"2026-02-24T02:33:19","modified_gmt":"2026-02-24T00:33:19","slug":"sviestmaize-ar-skinki-un-sieru-180-g","status":"publish","type":"product","link":"https:\/\/ventspils.citro.lv\/ru\/veikals\/sviestmaize-ar-skinki-un-sieru-180-g\/","title":{"rendered":"Sviestmaize ar \u0161\u0137i\u0146\u0137i un sieru 180 g"},"content":{"rendered":"<p>Ra\u017eot\u0101js: SIA Di\u0101na Bistro<\/p>\n","protected":false},"excerpt":{"rendered":"<p>11.06 \u20ac\/kg<\/p>\n","protected":false},"featured_media":1213489,"template":"","meta":{"_acf_changed":false,"inline_featured_image":false},"product_cat":[113,222],"product_tag":[],"acf":[],"aioseo_notices":[],"_links":{"self":[{"href":"https:\/\/ventspils.citro.lv\/ru\/wp-json\/wp\/v2\/product\/610813"}],"collection":[{"href":"https:\/\/ventspils.citro.lv\/ru\/wp-json\/wp\/v2\/product"}],"about":[{"href":"https:\/\/ventspils.citro.lv\/ru\/wp-json\/wp\/v2\/types\/product"}],"wp:featuredmedia":[{"embeddable":true,"href":"https:\/\/ventspils.citro.lv\/ru\/wp-json\/wp\/v2\/media\/1213489"}],"wp:attachment":[{"href":"https:\/\/ventspils.citro.lv\/ru\/wp-json\/wp\/v2\/media?parent=610813"}],"wp:term":[{"taxonomy":"product_cat","embeddable":true,"href":"https:\/\/ventspils.citro.lv\/ru\/wp-json\/wp\/v2\/product_cat?post=610813"},{"taxonomy":"product_tag","embeddable":true,"href":"https:\/\/ventspils.citro.lv\/ru\/wp-json\/wp\/v2\/product_tag?post=610813"}],"curies":[{"name":"wp","href":"https:\/\/api.w.org\/{rel}","templated":true}]}}