{"id":610541,"date":"2026-04-06T01:00:36","date_gmt":"2026-04-05T22:00:36","guid":{"rendered":"https:\/\/ventspils.citro.lv\/veikals\/silkes-fileja-majas-gaume-kaija-480g\/"},"modified":"2026-04-06T01:00:53","modified_gmt":"2026-04-05T22:00:53","slug":"silkes-fileja-majas-gaume-kaija-480g","status":"publish","type":"product","link":"https:\/\/ventspils.citro.lv\/ru\/veikals\/silkes-fileja-majas-gaume-kaija-480g\/","title":{"rendered":"Si\u013c\u0137es fileja M\u0101jas gaum\u0113 Kaija 480g"},"content":{"rendered":"","protected":false},"excerpt":{"rendered":"<p>8.23 \u20ac\/kg<\/p>\n","protected":false},"featured_media":1239869,"template":"","meta":{"_acf_changed":false,"inline_featured_image":false},"product_cat":[545,135],"product_tag":[],"acf":[],"aioseo_notices":[],"_links":{"self":[{"href":"https:\/\/ventspils.citro.lv\/ru\/wp-json\/wp\/v2\/product\/610541"}],"collection":[{"href":"https:\/\/ventspils.citro.lv\/ru\/wp-json\/wp\/v2\/product"}],"about":[{"href":"https:\/\/ventspils.citro.lv\/ru\/wp-json\/wp\/v2\/types\/product"}],"wp:featuredmedia":[{"embeddable":true,"href":"https:\/\/ventspils.citro.lv\/ru\/wp-json\/wp\/v2\/media\/1239869"}],"wp:attachment":[{"href":"https:\/\/ventspils.citro.lv\/ru\/wp-json\/wp\/v2\/media?parent=610541"}],"wp:term":[{"taxonomy":"product_cat","embeddable":true,"href":"https:\/\/ventspils.citro.lv\/ru\/wp-json\/wp\/v2\/product_cat?post=610541"},{"taxonomy":"product_tag","embeddable":true,"href":"https:\/\/ventspils.citro.lv\/ru\/wp-json\/wp\/v2\/product_tag?post=610541"}],"curies":[{"name":"wp","href":"https:\/\/api.w.org\/{rel}","templated":true}]}}