{"id":603960,"date":"2026-03-17T07:57:25","date_gmt":"2026-03-17T05:57:25","guid":{"rendered":"https:\/\/ventspils.citro.lv\/veikals\/bariba-konserveta-kakiem-mix-4x85g\/"},"modified":"2026-03-17T07:57:29","modified_gmt":"2026-03-17T05:57:29","slug":"bariba-konserveta-kakiem-mix-club-4-paws-4-x-85g","status":"publish","type":"product","link":"https:\/\/ventspils.citro.lv\/ru\/veikals\/bariba-konserveta-kakiem-mix-club-4-paws-4-x-85g\/","title":{"rendered":"Bar\u012bba konserv\u0113ta  ka\u0137iem mix  Club 4 Paws 4 x 85g"},"content":{"rendered":"","protected":false},"excerpt":{"rendered":"<p>6.44 \u20ac\/kg<\/p>\n","protected":false},"featured_media":1227394,"template":"","meta":{"_acf_changed":false,"inline_featured_image":false},"product_cat":[153,175],"product_tag":[],"acf":[],"aioseo_notices":[],"_links":{"self":[{"href":"https:\/\/ventspils.citro.lv\/ru\/wp-json\/wp\/v2\/product\/603960"}],"collection":[{"href":"https:\/\/ventspils.citro.lv\/ru\/wp-json\/wp\/v2\/product"}],"about":[{"href":"https:\/\/ventspils.citro.lv\/ru\/wp-json\/wp\/v2\/types\/product"}],"wp:featuredmedia":[{"embeddable":true,"href":"https:\/\/ventspils.citro.lv\/ru\/wp-json\/wp\/v2\/media\/1227394"}],"wp:attachment":[{"href":"https:\/\/ventspils.citro.lv\/ru\/wp-json\/wp\/v2\/media?parent=603960"}],"wp:term":[{"taxonomy":"product_cat","embeddable":true,"href":"https:\/\/ventspils.citro.lv\/ru\/wp-json\/wp\/v2\/product_cat?post=603960"},{"taxonomy":"product_tag","embeddable":true,"href":"https:\/\/ventspils.citro.lv\/ru\/wp-json\/wp\/v2\/product_tag?post=603960"}],"curies":[{"name":"wp","href":"https:\/\/api.w.org\/{rel}","templated":true}]}}