{"id":602357,"date":"2026-03-27T06:00:28","date_gmt":"2026-03-27T04:00:28","guid":{"rendered":"https:\/\/ventspils.citro.lv\/veikals\/skusanas-gels-nivea-sensitive-200ml\/"},"modified":"2026-03-27T06:00:37","modified_gmt":"2026-03-27T04:00:37","slug":"skusanas-gels-nivea-sensitive-200ml","status":"publish","type":"product","link":"https:\/\/ventspils.citro.lv\/ru\/veikals\/skusanas-gels-nivea-sensitive-200ml\/","title":{"rendered":"Sk\u016b\u0161anas g\u0113ls Nivea Sensitive 200ml"},"content":{"rendered":"","protected":false},"excerpt":{"rendered":"<p>21.95 \u20ac\/l<\/p>\n","protected":false},"featured_media":1235502,"template":"","meta":{"_acf_changed":false,"inline_featured_image":false},"product_cat":[127,170],"product_tag":[],"acf":[],"aioseo_notices":[],"_links":{"self":[{"href":"https:\/\/ventspils.citro.lv\/ru\/wp-json\/wp\/v2\/product\/602357"}],"collection":[{"href":"https:\/\/ventspils.citro.lv\/ru\/wp-json\/wp\/v2\/product"}],"about":[{"href":"https:\/\/ventspils.citro.lv\/ru\/wp-json\/wp\/v2\/types\/product"}],"wp:featuredmedia":[{"embeddable":true,"href":"https:\/\/ventspils.citro.lv\/ru\/wp-json\/wp\/v2\/media\/1235502"}],"wp:attachment":[{"href":"https:\/\/ventspils.citro.lv\/ru\/wp-json\/wp\/v2\/media?parent=602357"}],"wp:term":[{"taxonomy":"product_cat","embeddable":true,"href":"https:\/\/ventspils.citro.lv\/ru\/wp-json\/wp\/v2\/product_cat?post=602357"},{"taxonomy":"product_tag","embeddable":true,"href":"https:\/\/ventspils.citro.lv\/ru\/wp-json\/wp\/v2\/product_tag?post=602357"}],"curies":[{"name":"wp","href":"https:\/\/api.w.org\/{rel}","templated":true}]}}