{"id":599,"date":"2026-03-17T05:30:23","date_gmt":"2026-03-17T03:30:23","guid":{"rendered":"http:\/\/cvent.dev.wmc.lv\/ventspils\/veikals\/ella-rapsu-rapsitis-rafineta-0-9l\/"},"modified":"2026-03-17T05:30:34","modified_gmt":"2026-03-17T03:30:34","slug":"ella-rapsitis-rapsu-rafineta-0-9l","status":"publish","type":"product","link":"https:\/\/ventspils.citro.lv\/ru\/veikals\/ella-rapsitis-rapsu-rafineta-0-9l\/","title":{"rendered":"E\u013c\u013ca Raps\u012btis rap\u0161u rafin\u0113ta 0.9l"},"content":{"rendered":"","protected":false},"excerpt":{"rendered":"<p>3.43 \u20ac\/l<\/p>\n","protected":false},"featured_media":1226775,"template":"","meta":{"_acf_changed":false,"inline_featured_image":false},"product_cat":[116,164],"product_tag":[],"acf":[],"aioseo_notices":[],"_links":{"self":[{"href":"https:\/\/ventspils.citro.lv\/ru\/wp-json\/wp\/v2\/product\/599"}],"collection":[{"href":"https:\/\/ventspils.citro.lv\/ru\/wp-json\/wp\/v2\/product"}],"about":[{"href":"https:\/\/ventspils.citro.lv\/ru\/wp-json\/wp\/v2\/types\/product"}],"wp:featuredmedia":[{"embeddable":true,"href":"https:\/\/ventspils.citro.lv\/ru\/wp-json\/wp\/v2\/media\/1226775"}],"wp:attachment":[{"href":"https:\/\/ventspils.citro.lv\/ru\/wp-json\/wp\/v2\/media?parent=599"}],"wp:term":[{"taxonomy":"product_cat","embeddable":true,"href":"https:\/\/ventspils.citro.lv\/ru\/wp-json\/wp\/v2\/product_cat?post=599"},{"taxonomy":"product_tag","embeddable":true,"href":"https:\/\/ventspils.citro.lv\/ru\/wp-json\/wp\/v2\/product_tag?post=599"}],"curies":[{"name":"wp","href":"https:\/\/api.w.org\/{rel}","templated":true}]}}